{"id":7466,"date":"2017-05-27T18:47:24","date_gmt":"2017-05-27T16:47:24","guid":{"rendered":"https:\/\/www.perfectmoment.es\/specials\/"},"modified":"2021-03-08T01:12:24","modified_gmt":"2021-03-08T00:12:24","slug":"experiencias-especiales","status":"publish","type":"page","link":"https:\/\/perfectmoment.es\/es\/experiencias-especiales\/","title":{"rendered":"Experiencias especiales"},"content":{"rendered":"<section class=\"l-section wpb_row height_small\"><div class=\"l-section-h i-cf\"><div class=\"g-cols vc_row via_flex valign_top type_default stacking_default\"><div class=\"vc_col-sm-6 wpb_column vc_column_container has_text_color\"><div class=\"vc_column-inner us_custom_f6426fde\"><div class=\"wpb_wrapper\"><div class=\"wpb_text_column\"><div class=\"wpb_wrapper\"><p>Estamos constantemente buscando nuevas posibilidades con las que actualizar y mejorar nuestros servicios. En esta secci\u00f3n le mantendremos informado sobre todas las ideas especiales que encontremos, por lo que no se pierda la informaci\u00f3n que le ofreceremos continuamente.<\/p>\n<p><strong>Est\u00e9 preparado&#8230;<\/strong><\/p>\n<\/div><\/div><\/div><\/div><\/div><div class=\"vc_col-sm-6 wpb_column vc_column_container\"><div class=\"vc_column-inner\"><div class=\"wpb_wrapper\"><div class=\"w-image align_none\"><div class=\"w-image-h\"><img decoding=\"async\" width=\"800\" height=\"326\" src=\"https:\/\/perfectmoment.es\/wp-content\/uploads\/2017\/06\/Flaschenpost-mallorca.jpg\" class=\"attachment-large size-large\" alt=\"\" loading=\"lazy\" srcset=\"https:\/\/perfectmoment.es\/wp-content\/uploads\/2017\/06\/Flaschenpost-mallorca.jpg 800w, https:\/\/perfectmoment.es\/wp-content\/uploads\/2017\/06\/Flaschenpost-mallorca-300x122.jpg 300w, https:\/\/perfectmoment.es\/wp-content\/uploads\/2017\/06\/Flaschenpost-mallorca-768x313.jpg 768w, https:\/\/perfectmoment.es\/wp-content\/uploads\/2017\/06\/Flaschenpost-mallorca-600x245.jpg 600w\" sizes=\"auto, (max-width: 800px) 100vw, 800px\" \/><\/div><\/div><\/div><\/div><\/div><\/div><\/div><\/section><!-- Row Backgrounds --><div class=\"upb_color\" data-bg-override=\"0\" data-bg-color=\"#ffffff\" data-fadeout=\"\" data-fadeout-percentage=\"30\" data-parallax-content=\"\" data-parallax-content-sense=\"30\" data-row-effect-mobile-disable=\"true\" data-img-parallax-mobile-disable=\"true\" data-rtl=\"false\"  data-custom-vc-row=\"\"  data-vc=\"8.7.2\"  data-is_old_vc=\"\"  data-theme-support=\"\"   data-overlay=\"false\" data-overlay-color=\"\" data-overlay-pattern=\"\" data-overlay-pattern-opacity=\"\" data-overlay-pattern-size=\"\"    ><\/div>\n","protected":false},"excerpt":{"rendered":"Estamos constantemente buscando nuevas posibilidades con las que actualizar y mejorar nuestros servicios. En esta secci\u00f3n le mantendremos informado sobre todas las ideas especiales que encontremos, por lo que no se pierda la informaci\u00f3n que le ofreceremos continuamente. Est\u00e9 preparado&#8230;","protected":false},"author":1,"featured_media":6886,"parent":0,"menu_order":0,"comment_status":"closed","ping_status":"closed","template":"","meta":{"footnotes":""},"class_list":["post-7466","page","type-page","status-publish","has-post-thumbnail","hentry"],"_links":{"self":[{"href":"https:\/\/perfectmoment.es\/es\/wp-json\/wp\/v2\/pages\/7466","targetHints":{"allow":["GET"]}}],"collection":[{"href":"https:\/\/perfectmoment.es\/es\/wp-json\/wp\/v2\/pages"}],"about":[{"href":"https:\/\/perfectmoment.es\/es\/wp-json\/wp\/v2\/types\/page"}],"author":[{"embeddable":true,"href":"https:\/\/perfectmoment.es\/es\/wp-json\/wp\/v2\/users\/1"}],"replies":[{"embeddable":true,"href":"https:\/\/perfectmoment.es\/es\/wp-json\/wp\/v2\/comments?post=7466"}],"version-history":[{"count":4,"href":"https:\/\/perfectmoment.es\/es\/wp-json\/wp\/v2\/pages\/7466\/revisions"}],"predecessor-version":[{"id":8375,"href":"https:\/\/perfectmoment.es\/es\/wp-json\/wp\/v2\/pages\/7466\/revisions\/8375"}],"wp:featuredmedia":[{"embeddable":true,"href":"https:\/\/perfectmoment.es\/es\/wp-json\/wp\/v2\/media\/6886"}],"wp:attachment":[{"href":"https:\/\/perfectmoment.es\/es\/wp-json\/wp\/v2\/media?parent=7466"}],"curies":[{"name":"wp","href":"https:\/\/api.w.org\/{rel}","templated":true}]}}