{"id":7378,"date":"2017-05-25T20:25:44","date_gmt":"2017-05-25T18:25:44","guid":{"rendered":"https:\/\/www.perfectmoment.es\/concierge-service\/"},"modified":"2021-03-08T01:12:25","modified_gmt":"2021-03-08T00:12:25","slug":"servicio-de-conserjeria","status":"publish","type":"page","link":"https:\/\/perfectmoment.es\/es\/servicio-de-conserjeria\/","title":{"rendered":"Servicio de conserjer\u00eda"},"content":{"rendered":"<section class=\"l-section wpb_row us_custom_e11ab399 height_medium\"><div class=\"l-section-h i-cf\"><div class=\"g-cols vc_row via_flex valign_middle type_default stacking_default\"><div class=\"vc_col-sm-12 wpb_column vc_column_container\"><div class=\"vc_column-inner\"><div class=\"wpb_wrapper\"><h1 class=\"w-post-elm post_title us_custom_064d9100 align_center entry-title color_link_inherit\">Servicio de conserjer\u00eda<\/h1><\/div><\/div><\/div><\/div><\/div><\/section><section class=\"l-section wpb_row height_small\"><div class=\"l-section-h i-cf\"><div class=\"g-cols vc_row via_flex valign_top type_default stacking_default\"><div class=\"vc_col-sm-12 wpb_column vc_column_container has_text_color\"><div class=\"vc_column-inner us_custom_d75ed1af\"><div class=\"wpb_wrapper\"><div class=\"g-cols wpb_row via_flex valign_top type_default stacking_default\"><div class=\"vc_col-sm-6 wpb_column vc_column_container\"><div class=\"vc_column-inner\"><div class=\"wpb_wrapper\"><div class=\"wpb_text_column\"><div class=\"wpb_wrapper\"><p>A menudo sucede que nos sentimos abrumados por nuestras listas de tareas, nos encontramos constantemente ocupados o estresados y sentimos que no tenemos tiempo para las cosas verdaderamente importantes de la vida.<\/p>\n<p><strong>\u00a0<\/strong>A pesar de la buena gesti\u00f3n que tengamos de nuestro tiempo, el tiempo de ocio de que disponemos es a menudo muy corto.<\/p>\n<p><strong> \u00a1<\/strong><strong>Perfect Moment le da este tiempo!<\/strong><\/p>\n<p>No importa si necesita reservar una mesa, organizar un viaje de negocios o planear una cena a la luz de las velas para alguien especial -el equipo de Perfect Moment en Mallorca siempre ser\u00e1 todo o\u00eddos para usted. 24 horas al d\u00eda, los 7 d\u00edas de la semana. Esperamos sus deseos, usted solo rel\u00e1jese y disfrute.<\/p>\n<\/div><\/div><div class=\" ubtn-ctn-center \"><a class=\"ubtn-link ult-adjust-bottom-margin ubtn-center ubtn-block \" href=\"mailto:info@perfectmoment.es\" ><button type=\"button\" id=\"ubtn-4918\"  class=\"ubtn ult-adjust-bottom-margin ult-responsive ubtn-block ubtn-no-hover-bg  none  ubtn-center   tooltip-69e32365d6f82 ubtn-block\"  data-hover=\"\" data-border-color=\"\" data-bg=\"\" data-hover-bg=\"\" data-border-hover=\"\" data-shadow-hover=\"\" data-shadow-click=\"none\" data-shadow=\"\" data-shd-shadow=\"\"  data-ultimate-target='#ubtn-4918'  data-responsive-json-new='{\"font-size\":\"\",\"line-height\":\"\"}'  style=\"font-weight:normal;border-radius:3px;border-width:1px;border-color:;border-style:solid;color: #ce9e00;\"><span class=\"ubtn-hover\" style=\"background-color:\"><\/span><span class=\"ubtn-data ubtn-text \" >Contacte con nosotros<\/span><\/button><\/a><\/div><\/div><\/div><\/div><div class=\"vc_col-sm-6 wpb_column vc_column_container\"><div class=\"vc_column-inner\"><div class=\"wpb_wrapper\"><div id=\"ult-carousel-56694173069e32365d7152\" class=\"ult-carousel-wrapper   ult_horizontal\" data-gutter=\"15\" data-rtl=\"false\" ><div class=\"ult-carousel-412539175169e32365d7127 \" ><div class=\"ult-item-wrap\" data-animation=\"animated no-animation\"><div class=\"w-image align_none\"><div class=\"w-image-h\"><img decoding=\"async\" width=\"600\" height=\"400\" src=\"https:\/\/perfectmoment.es\/wp-content\/uploads\/2017\/05\/concierge-service-mallorca-exclusive-beratung.jpg\" class=\"attachment-large size-large\" alt=\"\" loading=\"lazy\" srcset=\"https:\/\/perfectmoment.es\/wp-content\/uploads\/2017\/05\/concierge-service-mallorca-exclusive-beratung.jpg 600w, https:\/\/perfectmoment.es\/wp-content\/uploads\/2017\/05\/concierge-service-mallorca-exclusive-beratung-300x200.jpg 300w\" sizes=\"auto, (max-width: 600px) 100vw, 600px\" \/><\/div><\/div><\/div><div class=\"ult-item-wrap\" data-animation=\"animated no-animation\"><div class=\"w-image align_none\"><div class=\"w-image-h\"><img decoding=\"async\" width=\"600\" height=\"400\" src=\"https:\/\/perfectmoment.es\/wp-content\/uploads\/2017\/05\/Nightlife-mallorca-party-mallorca.jpg\" class=\"attachment-large size-large\" alt=\"\" loading=\"lazy\" srcset=\"https:\/\/perfectmoment.es\/wp-content\/uploads\/2017\/05\/Nightlife-mallorca-party-mallorca.jpg 600w, https:\/\/perfectmoment.es\/wp-content\/uploads\/2017\/05\/Nightlife-mallorca-party-mallorca-300x200.jpg 300w\" sizes=\"auto, (max-width: 600px) 100vw, 600px\" \/><\/div><\/div><\/div><div class=\"ult-item-wrap\" data-animation=\"animated no-animation\"><div class=\"w-image align_none\"><div class=\"w-image-h\"><img decoding=\"async\" width=\"600\" height=\"400\" src=\"https:\/\/perfectmoment.es\/wp-content\/uploads\/2017\/05\/Business-Solutions-mallorca.jpg\" class=\"attachment-large size-large\" alt=\"\" loading=\"lazy\" srcset=\"https:\/\/perfectmoment.es\/wp-content\/uploads\/2017\/05\/Business-Solutions-mallorca.jpg 600w, https:\/\/perfectmoment.es\/wp-content\/uploads\/2017\/05\/Business-Solutions-mallorca-300x200.jpg 300w\" sizes=\"auto, (max-width: 600px) 100vw, 600px\" \/><\/div><\/div><\/div><\/div><\/div>\t\t\t<script type=\"text\/javascript\">\n\t\t\t\tjQuery(document).ready(function ($) {\n\t\t\t\t\tif( typeof jQuery('.ult-carousel-412539175169e32365d7127').slick == \"function\"){\n\t\t\t\t\t\t$('.ult-carousel-412539175169e32365d7127').slick({dots: true,autoplay: true,autoplaySpeed: \"4000\",speed: \"300\",infinite: true,arrows: true,nextArrow: '<button type=\"button\" role=\"button\" aria-label=\"Next\" style=\"color:#333333; font-size:20px;\" class=\"slick-next default\"><i class=\"ultsl-arrow-right4\"><\/i><\/button>',prevArrow: '<button type=\"button\" role=\"button\" aria-label=\"Previous\" style=\"color:#333333; font-size:20px;\" class=\"slick-prev default\"><i class=\"ultsl-arrow-left4\"><\/i><\/button>',slidesToScroll:1,slidesToShow:1,swipe: true,draggable: true,touchMove: true,pauseOnHover: true,pauseOnFocus: false,responsive: [\n\t\t\t\t\t\t\t{\n\t\t\t\t\t\t\t  breakpoint: 1026,\n\t\t\t\t\t\t\t  settings: {\n\t\t\t\t\t\t\t\tslidesToShow: 1,\n\t\t\t\t\t\t\t\tslidesToScroll: 1,  \n\t\t\t\t\t\t\t  }\n\t\t\t\t\t\t\t},\n\t\t\t\t\t\t\t{\n\t\t\t\t\t\t\t  breakpoint: 1025,\n\t\t\t\t\t\t\t  settings: {\n\t\t\t\t\t\t\t\tslidesToShow: 1,\n\t\t\t\t\t\t\t\tslidesToScroll: 1\n\t\t\t\t\t\t\t  }\n\t\t\t\t\t\t\t},\n\t\t\t\t\t\t\t{\n\t\t\t\t\t\t\t  breakpoint: 760,\n\t\t\t\t\t\t\t  settings: {\n\t\t\t\t\t\t\t\tslidesToShow: 1,\n\t\t\t\t\t\t\t\tslidesToScroll: 1\n\t\t\t\t\t\t\t  }\n\t\t\t\t\t\t\t}\n\t\t\t\t\t\t],pauseOnDotsHover: true,customPaging: function(slider, i) {\n                   return '<i type=\"button\" style= \"color:#333333;\" class=\"ultsl-record\" data-role=\"none\"><\/i>';\n                },});\n\t\t\t\t\t}\n\t\t\t\t});\n\t\t\t<\/script>\n\t\t\t<\/div><\/div><\/div><\/div><div class=\"wpb_text_column\"><div class=\"wpb_wrapper\"><h4><strong>Aqu\u00ed hay algunos ejemplos e ideas que hemos realizado hasta ahora:<\/strong><\/h4>\n<\/div><\/div><div class=\"g-cols wpb_row via_flex valign_top type_default stacking_default\"><div class=\"vc_col-sm-6 wpb_column vc_column_container\"><div class=\"vc_column-inner\"><div class=\"wpb_wrapper\"><div class=\"wpb_text_column\"><div class=\"wpb_wrapper\"><ul>\n<li><strong>Cocinero privado<\/strong> &#8211; \u00a1Una experiencia culinaria en casa!<\/li>\n<li><strong>Cena rom\u00e1ntica a la luz de las velas en la playa <\/strong>&#8211; \u00a1Sorprenda a los que m\u00e1s quiere!<\/li>\n<li><strong>Reservas <\/strong>\u2013 Ya sean restaurantes o \u00e1reas VIP en los clubes, \u00a1podremos hacerlo!<\/li>\n<li><strong>Alquiler de barcos <\/strong>&#8211; \u00bfQu\u00e9 le parece un viaje a las bah\u00edas m\u00e1s bonitas?<\/li>\n<li><strong>Un coche especial <\/strong>&#8211; \u00bfNunca ha so\u00f1ado con conducir un coche cl\u00e1sico?<\/li>\n<li><strong>Excursiones para empresas<\/strong> &#8211; \u00a1Motivaci\u00f3n y cohesi\u00f3n en Mallorca!<\/li>\n<li><strong> Deporte<\/strong> &#8211; \u00a1Usted decide entre un entrenador personal o mejorar sus flaquezas!<\/li>\n<li><strong>Ultraligeros<\/strong> \u2013 \u00a1La maravillosa experiencia de volar!<\/li>\n<li><strong>Excursiones en<\/strong> <strong>Vespa<\/strong> \u2013 Explore la isla de forma muy especial.<\/li>\n<\/ul>\n<\/div><\/div><\/div><\/div><\/div><div class=\"vc_col-sm-6 wpb_column vc_column_container\"><div class=\"vc_column-inner\"><div class=\"wpb_wrapper\"><div class=\"wpb_text_column\"><div class=\"wpb_wrapper\"><ul>\n<li><strong>Traslados<\/strong> &#8211; \u00a1Sea recogido en limusina!<\/li>\n<li><strong> Cumplea\u00f1os en <\/strong><strong>Mallorca<\/strong> \u2013 \u00a1Deben de ser celebrados por todo lo alto!<\/li>\n<li><strong>Senderismo con degustaci\u00f3n de vinos<\/strong> \u2013 Disfrute de la Sierra de Tramuntana.<\/li>\n<li><strong>Escort<\/strong> &#8211; \u00bfNecesita a una escort profesional?<\/li>\n<li><strong>Jet privado<\/strong> \u2013 Vuele de forma exclusiva de un lugar a otro.<\/li>\n<li><strong>Guardaespaldas<\/strong> \u2013 Protecci\u00f3n personal para usted o su evento.<\/li>\n<li><strong>Personal<\/strong> \u2013 Ya sea servicio de limpieza o de enfermer\u00eda, la clave est\u00e1 en la calidad.<\/li>\n<li><strong> S<\/strong><strong>ervicio burocr\u00e1tico<\/strong>\u2013 Desde una licencia para su casa de vacaciones a la alta de su veh\u00edculo.<\/li>\n<li><strong>C\u00e1mara<\/strong> &#8211; \u00bfQu\u00e9 hay de una sesi\u00f3n de fotos o un v\u00eddeo personal realizado por drones?<\/li>\n<li><strong>El regalo<\/strong> \u2013 Un ramo de flores o una especialidad \u00fanica de Mallorca.<\/li>\n<\/ul>\n<\/div><\/div><\/div><\/div><\/div><\/div><div class=\"wpb_text_column\"><div class=\"wpb_wrapper\"><p><strong>\u00a1Cumpla sus sue\u00f1os!<\/strong><\/p>\n<\/div><\/div><\/div><\/div><\/div><\/div><\/div><\/section><!-- Row Backgrounds --><div class=\"upb_color\" data-bg-override=\"0\" data-bg-color=\"#ffffff\" data-fadeout=\"\" data-fadeout-percentage=\"30\" data-parallax-content=\"\" data-parallax-content-sense=\"30\" data-row-effect-mobile-disable=\"true\" data-img-parallax-mobile-disable=\"true\" data-rtl=\"false\"  data-custom-vc-row=\"\"  data-vc=\"8.7.2\"  data-is_old_vc=\"\"  data-theme-support=\"\"   data-overlay=\"false\" data-overlay-color=\"\" data-overlay-pattern=\"\" data-overlay-pattern-opacity=\"\" data-overlay-pattern-size=\"\"    data-seperator=\"true\"  data-seperator-type=\"tilt_left_seperator\"  data-seperator-shape-size=\"40\"  data-seperator-svg-height=\"60\"  data-seperator-full-width=\"true\" data-seperator-position=\"top_seperator\"  data-seperator-background-color=\"#2e2925\"  data-icon=\"\"  ><\/div><section class=\"l-section wpb_row height_medium\"><div class=\"l-section-h i-cf\"><div class=\"g-cols vc_row via_flex valign_top type_default stacking_default\"><div class=\"vc_col-sm-12 wpb_column vc_column_container\"><div class=\"vc_column-inner\"><div class=\"wpb_wrapper\"><div class=\"w-grid us_grid with_filters type_grid layout_7666 cols_3 preload_style_spinner ratio_3x2\" id=\"us_grid_1\" style=\"--columns:3;--gap:4px;--item-ratio:0.66667;\"><style>@media (max-width:1024px){#us_grid_1{--columns:2!important}}@media (max-width:600px){#us_grid_1{--columns:1!important}}.layout_7666 .w-grid-item-h{background:#b5884a;color:#ffffff}.layout_7666 .usg_post_image_1{transition-duration:0.35s;transform:scale(1) translate(0%,0%)}.layout_7666 .w-grid-item-h:focus-within .usg_post_image_1,.layout_7666 .w-grid-item-h:hover .usg_post_image_1{transform:scale(1.1) translate(0%,0%);opacity:0.1}.layout_7666 .usg_post_image_1{position:absolute!important;top:0!important;right:0!important;bottom:0!important;left:0!important}.layout_7666 .usg_vwrapper_1{position:absolute!important;right:0!important;bottom:0!important;left:0!important;background:linear-gradient(180deg,rgba(0,0,0,0),rgba(30,30,30,0.8))!important;padding:4rem 2rem 1.5rem 2rem!important}.layout_7666 .usg_post_title_1{font-family:var(--h1-font-family)!important;font-size:1.2rem!important;color:#ffffff!important}<\/style><div class=\"g-filters style_1 align_center\"><button class=\"g-filters-item active\" data-taxonomy=\"*\"><span>Todo<\/span><\/button><button class=\"g-filters-item\" data-taxonomy=\"business-moments-es\" data-amount=\"6\"><span>Servicio conserjeria<\/span><span class=\"g-filters-item-amount\">6<\/span><\/button><\/div><div class=\"w-grid-list\" data-filter_taxonomy_name=\"us_portfolio_category\" data-filter_default_taxonomies=\"business-moments\">\t<article class=\"w-grid-item size_1x1 post-7387 us_portfolio type-us_portfolio status-publish has-post-thumbnail hentry us_portfolio_category-business-moments-es\" data-id=\"7387\">\r\n\t\t<div class=\"w-grid-item-h\">\r\n\t\t\t\t\t\t\t<a href=\"https:\/\/perfectmoment.es\/es\/actividades\/\" class=\"w-grid-item-anchor\" aria-label=\"Actividades\"><\/a>\r\n\t\t\t\t\t\t<div class=\"w-post-elm post_image usg_post_image_1 stretched\"><img loading=\"lazy\" decoding=\"async\" width=\"600\" height=\"400\" src=\"https:\/\/perfectmoment.es\/wp-content\/uploads\/2017\/06\/Aktivitaeten-mallorca.jpg\" class=\"attachment-full size-full wp-post-image\" alt=\"\" srcset=\"https:\/\/perfectmoment.es\/wp-content\/uploads\/2017\/06\/Aktivitaeten-mallorca.jpg 600w, https:\/\/perfectmoment.es\/wp-content\/uploads\/2017\/06\/Aktivitaeten-mallorca-300x200.jpg 300w\" sizes=\"auto, (max-width: 600px) 100vw, 600px\" \/><\/div><div class=\"w-vwrapper usg_vwrapper_1 align_center valign_top\"><h2 class=\"w-post-elm post_title usg_post_title_1 has_text_color entry-title color_link_inherit\">Actividades<\/h2><\/div>\t\t<\/div>\r\n\t\t\t<\/article>\r\n\t<article class=\"w-grid-item size_1x1 post-7407 us_portfolio type-us_portfolio status-publish has-post-thumbnail hentry us_portfolio_category-business-moments-es\" data-id=\"7407\">\r\n\t\t<div class=\"w-grid-item-h\">\r\n\t\t\t\t\t\t\t<a href=\"https:\/\/perfectmoment.es\/es\/eventos-privados\/\" class=\"w-grid-item-anchor\" aria-label=\"Eventos privados\"><\/a>\r\n\t\t\t\t\t\t<div class=\"w-post-elm post_image usg_post_image_1 stretched\"><img loading=\"lazy\" decoding=\"async\" width=\"600\" height=\"400\" src=\"https:\/\/perfectmoment.es\/wp-content\/uploads\/2017\/05\/incentiv-mallorca-business-solutions.jpg\" class=\"attachment-full size-full wp-post-image\" alt=\"\" srcset=\"https:\/\/perfectmoment.es\/wp-content\/uploads\/2017\/05\/incentiv-mallorca-business-solutions.jpg 600w, https:\/\/perfectmoment.es\/wp-content\/uploads\/2017\/05\/incentiv-mallorca-business-solutions-300x200.jpg 300w\" sizes=\"auto, (max-width: 600px) 100vw, 600px\" \/><\/div><div class=\"w-vwrapper usg_vwrapper_1 align_center valign_top\"><h2 class=\"w-post-elm post_title usg_post_title_1 has_text_color entry-title color_link_inherit\">Eventos privados<\/h2><\/div>\t\t<\/div>\r\n\t\t\t<\/article>\r\n\t<article class=\"w-grid-item size_1x1 post-7398 us_portfolio type-us_portfolio status-publish has-post-thumbnail hentry us_portfolio_category-business-moments-es\" data-id=\"7398\">\r\n\t\t<div class=\"w-grid-item-h\">\r\n\t\t\t\t\t\t\t<a href=\"https:\/\/perfectmoment.es\/es\/gourmet\/\" class=\"w-grid-item-anchor\" aria-label=\"Gourmet\"><\/a>\r\n\t\t\t\t\t\t<div class=\"w-post-elm post_image usg_post_image_1 stretched\"><img loading=\"lazy\" decoding=\"async\" width=\"600\" height=\"400\" src=\"https:\/\/perfectmoment.es\/wp-content\/uploads\/2017\/06\/Gourmet-service-exclusive-restauran-mallorca.jpg\" class=\"attachment-full size-full wp-post-image\" alt=\"\" srcset=\"https:\/\/perfectmoment.es\/wp-content\/uploads\/2017\/06\/Gourmet-service-exclusive-restauran-mallorca.jpg 600w, https:\/\/perfectmoment.es\/wp-content\/uploads\/2017\/06\/Gourmet-service-exclusive-restauran-mallorca-300x200.jpg 300w\" sizes=\"auto, (max-width: 600px) 100vw, 600px\" \/><\/div><div class=\"w-vwrapper usg_vwrapper_1 align_center valign_top\"><h2 class=\"w-post-elm post_title usg_post_title_1 has_text_color entry-title color_link_inherit\">Gourmet<\/h2><\/div>\t\t<\/div>\r\n\t\t\t<\/article>\r\n\t<article class=\"w-grid-item size_1x1 post-7393 us_portfolio type-us_portfolio status-publish has-post-thumbnail hentry us_portfolio_category-business-moments-es\" data-id=\"7393\">\r\n\t\t<div class=\"w-grid-item-h\">\r\n\t\t\t\t\t\t\t<a href=\"https:\/\/perfectmoment.es\/es\/para-empresas\/\" class=\"w-grid-item-anchor\" aria-label=\"Para empresas\"><\/a>\r\n\t\t\t\t\t\t<div class=\"w-post-elm post_image usg_post_image_1 stretched\"><img loading=\"lazy\" decoding=\"async\" width=\"600\" height=\"400\" src=\"https:\/\/perfectmoment.es\/wp-content\/uploads\/2017\/05\/Business-Solutions-mallorca.jpg\" class=\"attachment-full size-full wp-post-image\" alt=\"\" srcset=\"https:\/\/perfectmoment.es\/wp-content\/uploads\/2017\/05\/Business-Solutions-mallorca.jpg 600w, https:\/\/perfectmoment.es\/wp-content\/uploads\/2017\/05\/Business-Solutions-mallorca-300x200.jpg 300w\" sizes=\"auto, (max-width: 600px) 100vw, 600px\" \/><\/div><div class=\"w-vwrapper usg_vwrapper_1 align_center valign_top\"><h2 class=\"w-post-elm post_title usg_post_title_1 has_text_color entry-title color_link_inherit\">Para empresas<\/h2><\/div>\t\t<\/div>\r\n\t\t\t<\/article>\r\n\t<article class=\"w-grid-item size_1x1 post-7413 us_portfolio type-us_portfolio status-publish has-post-thumbnail hentry us_portfolio_category-business-moments-es\" data-id=\"7413\">\r\n\t\t<div class=\"w-grid-item-h\">\r\n\t\t\t\t\t\t\t<a href=\"https:\/\/perfectmoment.es\/es\/personal\/\" class=\"w-grid-item-anchor\" aria-label=\"Personal\"><\/a>\r\n\t\t\t\t\t\t<div class=\"w-post-elm post_image usg_post_image_1 stretched\"><img loading=\"lazy\" decoding=\"async\" width=\"600\" height=\"400\" src=\"https:\/\/perfectmoment.es\/wp-content\/uploads\/2017\/05\/concierge-service-mallorca-exclusive-beratung.jpg\" class=\"attachment-full size-full wp-post-image\" alt=\"\" srcset=\"https:\/\/perfectmoment.es\/wp-content\/uploads\/2017\/05\/concierge-service-mallorca-exclusive-beratung.jpg 600w, https:\/\/perfectmoment.es\/wp-content\/uploads\/2017\/05\/concierge-service-mallorca-exclusive-beratung-300x200.jpg 300w\" sizes=\"auto, (max-width: 600px) 100vw, 600px\" \/><\/div><div class=\"w-vwrapper usg_vwrapper_1 align_center valign_top\"><h2 class=\"w-post-elm post_title usg_post_title_1 has_text_color entry-title color_link_inherit\">Personal<\/h2><\/div>\t\t<\/div>\r\n\t\t\t<\/article>\r\n\t<article class=\"w-grid-item size_1x1 post-7402 us_portfolio type-us_portfolio status-publish has-post-thumbnail hentry us_portfolio_category-business-moments-es\" data-id=\"7402\">\r\n\t\t<div class=\"w-grid-item-h\">\r\n\t\t\t\t\t\t\t<a href=\"https:\/\/perfectmoment.es\/es\/vida-nocturna\/\" class=\"w-grid-item-anchor\" aria-label=\"Vida nocturna\"><\/a>\r\n\t\t\t\t\t\t<div class=\"w-post-elm post_image usg_post_image_1 stretched\"><img loading=\"lazy\" decoding=\"async\" width=\"600\" height=\"400\" src=\"https:\/\/perfectmoment.es\/wp-content\/uploads\/2017\/05\/Nightlife-mallorca-party-mallorca.jpg\" class=\"attachment-full size-full wp-post-image\" alt=\"\" srcset=\"https:\/\/perfectmoment.es\/wp-content\/uploads\/2017\/05\/Nightlife-mallorca-party-mallorca.jpg 600w, https:\/\/perfectmoment.es\/wp-content\/uploads\/2017\/05\/Nightlife-mallorca-party-mallorca-300x200.jpg 300w\" sizes=\"auto, (max-width: 600px) 100vw, 600px\" \/><\/div><div class=\"w-vwrapper usg_vwrapper_1 align_center valign_top\"><h2 class=\"w-post-elm post_title usg_post_title_1 has_text_color entry-title color_link_inherit\">Vida nocturna<\/h2><\/div>\t\t<\/div>\r\n\t\t\t<\/article>\r\n<\/div>\t<div class=\"w-grid-preloader\">\r\n\t\t<div class=\"g-preloader type_1\">\r\n\t\t\t<div><\/div>\r\n\t\t<\/div>\r\n\t<\/div>\r\n\t\t<div class=\"w-grid-json hidden\" onclick='return {&quot;action&quot;:&quot;us_ajax_grid&quot;,&quot;infinite_scroll&quot;:0,&quot;max_num_pages&quot;:1,&quot;pagination&quot;:&quot;none&quot;,&quot;template_vars&quot;:{&quot;columns&quot;:&quot;3&quot;,&quot;exclude_items&quot;:&quot;none&quot;,&quot;img_size&quot;:&quot;full&quot;,&quot;ignore_items_size&quot;:0,&quot;items_layout&quot;:&quot;7666&quot;,&quot;items_offset&quot;:&quot;1&quot;,&quot;load_animation&quot;:&quot;none&quot;,&quot;overriding_link&quot;:&quot;%7B%22type%22%3A%22post%22%7D&quot;,&quot;post_id&quot;:0,&quot;query_args&quot;:{&quot;post_type&quot;:[&quot;us_portfolio&quot;],&quot;tax_query&quot;:[{&quot;taxonomy&quot;:&quot;us_portfolio_category&quot;,&quot;field&quot;:&quot;slug&quot;,&quot;terms&quot;:[&quot;business-moments&quot;]}],&quot;post_status&quot;:[&quot;publish&quot;],&quot;posts_per_page&quot;:&quot;6&quot;},&quot;orderby_query_args&quot;:{&quot;orderby&quot;:{&quot;title&quot;:&quot;ASC&quot;},&quot;order&quot;:&quot;ASC&quot;},&quot;type&quot;:&quot;grid&quot;,&quot;us_grid_post_type&quot;:&quot;us_portfolio&quot;,&quot;us_grid_ajax_index&quot;:1,&quot;us_grid_filter_query_string&quot;:null,&quot;us_grid_index&quot;:1,&quot;page_args&quot;:[],&quot;lang&quot;:&quot;es&quot;}}'><\/div>\r\n\t<\/div><\/div><\/div><\/div><\/div><\/div><\/section>\n","protected":false},"excerpt":{"rendered":"Reserva de mesas \u2013 \u00a1Conocemos los mejores restaurantes! Reservas VIP en los clubes m\u00e1s populares. Entradas y tickets para todos los eventos de la isla. Traslados \u2013 Limusinas o autobuses. Cumplea\u00f1os \u2013 Organizaci\u00f3n para las fiestas m\u00e1s espectaculares. Fiestas en barco. Buses para fiestas. Solicitar ahora","protected":false},"author":1,"featured_media":7300,"parent":0,"menu_order":0,"comment_status":"closed","ping_status":"closed","template":"","meta":{"footnotes":""},"class_list":["post-7378","page","type-page","status-publish","has-post-thumbnail","hentry"],"_links":{"self":[{"href":"https:\/\/perfectmoment.es\/es\/wp-json\/wp\/v2\/pages\/7378","targetHints":{"allow":["GET"]}}],"collection":[{"href":"https:\/\/perfectmoment.es\/es\/wp-json\/wp\/v2\/pages"}],"about":[{"href":"https:\/\/perfectmoment.es\/es\/wp-json\/wp\/v2\/types\/page"}],"author":[{"embeddable":true,"href":"https:\/\/perfectmoment.es\/es\/wp-json\/wp\/v2\/users\/1"}],"replies":[{"embeddable":true,"href":"https:\/\/perfectmoment.es\/es\/wp-json\/wp\/v2\/comments?post=7378"}],"version-history":[{"count":17,"href":"https:\/\/perfectmoment.es\/es\/wp-json\/wp\/v2\/pages\/7378\/revisions"}],"predecessor-version":[{"id":8365,"href":"https:\/\/perfectmoment.es\/es\/wp-json\/wp\/v2\/pages\/7378\/revisions\/8365"}],"wp:featuredmedia":[{"embeddable":true,"href":"https:\/\/perfectmoment.es\/es\/wp-json\/wp\/v2\/media\/7300"}],"wp:attachment":[{"href":"https:\/\/perfectmoment.es\/es\/wp-json\/wp\/v2\/media?parent=7378"}],"curies":[{"name":"wp","href":"https:\/\/api.w.org\/{rel}","templated":true}]}}