{"id":7356,"date":"2017-05-21T13:33:22","date_gmt":"2017-05-21T11:33:22","guid":{"rendered":"https:\/\/www.perfectmoment.es\/romantic-moments\/"},"modified":"2021-03-08T01:12:24","modified_gmt":"2021-03-08T00:12:24","slug":"momentos-romanticos","status":"publish","type":"page","link":"https:\/\/perfectmoment.es\/es\/momentos-romanticos\/","title":{"rendered":"Momentos rom\u00e1nticos"},"content":{"rendered":"<section class=\"l-section wpb_row us_custom_e11ab399 height_medium\"><div class=\"l-section-h i-cf\"><div class=\"g-cols vc_row via_flex valign_middle type_default stacking_default\"><div class=\"vc_col-sm-12 wpb_column vc_column_container\"><div class=\"vc_column-inner\"><div class=\"wpb_wrapper\"><h1 class=\"w-post-elm post_title us_custom_064d9100 align_center entry-title color_link_inherit\">Momentos rom\u00e1nticos<\/h1><\/div><\/div><\/div><\/div><\/div><\/section><section class=\"l-section wpb_row height_small\"><div class=\"l-section-h i-cf\"><div class=\"g-cols vc_row via_flex valign_top type_default stacking_default\"><div class=\"vc_col-sm-12 wpb_column vc_column_container has_text_color\"><div class=\"vc_column-inner us_custom_07125ac7\"><div class=\"wpb_wrapper\"><div class=\"g-cols wpb_row via_flex valign_top type_default stacking_default\"><div class=\"vc_col-sm-6 wpb_column vc_column_container\"><div class=\"vc_column-inner\"><div class=\"wpb_wrapper\"><div class=\"wpb_text_column\"><div class=\"wpb_wrapper\"><h4><strong>La vida cotidiana<\/strong><\/h4>\n<p>Todos lo sabemos\u2026 Debido al fren\u00e9tico ritmo de vida que tenemos, en el que lidiamos con cosas como reuniones, quehaceres, listas de la compra y dem\u00e1s, es dif\u00edcil encontrar tiempo para el romanticismo.<\/p>\n<p><strong>\u00a1Perfect Moment le da ese tiempo lejos de su vida cotidiana!<\/strong><\/p>\n<p>Disfruten de sus vacaciones pasando tiempo juntos, algo que a menudo es complicado debido a las tareas diarias. Ded\u00edquense tiempo mutuo y rel\u00e1jense por un segundo.<\/p>\n<\/div><\/div><div class=\" ubtn-ctn-center \"><a class=\"ubtn-link ult-adjust-bottom-margin ubtn-center ubtn-block \" href=\"mailto:info@perfectmoment.es\" ><button type=\"button\" id=\"ubtn-4391\"  class=\"ubtn ult-adjust-bottom-margin ult-responsive ubtn-block ubtn-no-hover-bg  none  ubtn-center   tooltip-69e32347359b6 ubtn-block\"  data-hover=\"\" data-border-color=\"\" data-bg=\"\" data-hover-bg=\"\" data-border-hover=\"\" data-shadow-hover=\"\" data-shadow-click=\"none\" data-shadow=\"\" data-shd-shadow=\"\"  data-ultimate-target='#ubtn-4391'  data-responsive-json-new='{\"font-size\":\"\",\"line-height\":\"\"}'  style=\"font-weight:normal;border-radius:3px;border-width:1px;border-color:;border-style:solid;color: #ce9e00;\"><span class=\"ubtn-hover\" style=\"background-color:\"><\/span><span class=\"ubtn-data ubtn-text \" >Es tiempo de ser rom\u00e1nticos<\/span><\/button><\/a><\/div><\/div><\/div><\/div><div class=\"vc_col-sm-6 wpb_column vc_column_container\"><div class=\"vc_column-inner\"><div class=\"wpb_wrapper\"><div id=\"ult-carousel-355301081269e3234735adf\" class=\"ult-carousel-wrapper   ult_horizontal\" data-gutter=\"15\" data-rtl=\"false\" ><div class=\"ult-carousel-289321319469e3234735ac5 \" ><div class=\"ult-item-wrap\" data-animation=\"animated no-animation\"><div class=\"w-image align_none\"><div class=\"w-image-h\"><img decoding=\"async\" width=\"600\" height=\"400\" src=\"https:\/\/perfectmoment.es\/wp-content\/uploads\/2017\/05\/candle-light-dinner-mallorca-perfect-moment.jpg\" class=\"attachment-large size-large\" alt=\"\" loading=\"lazy\" srcset=\"https:\/\/perfectmoment.es\/wp-content\/uploads\/2017\/05\/candle-light-dinner-mallorca-perfect-moment.jpg 600w, https:\/\/perfectmoment.es\/wp-content\/uploads\/2017\/05\/candle-light-dinner-mallorca-perfect-moment-300x200.jpg 300w\" sizes=\"auto, (max-width: 600px) 100vw, 600px\" \/><\/div><\/div><\/div><div class=\"ult-item-wrap\" data-animation=\"animated no-animation\"><div class=\"w-image align_none\"><div class=\"w-image-h\"><img decoding=\"async\" width=\"600\" height=\"400\" src=\"https:\/\/perfectmoment.es\/wp-content\/uploads\/2017\/05\/heiratsantrag-perfect-moment.jpg\" class=\"attachment-large size-large\" alt=\"\" loading=\"lazy\" srcset=\"https:\/\/perfectmoment.es\/wp-content\/uploads\/2017\/05\/heiratsantrag-perfect-moment.jpg 600w, https:\/\/perfectmoment.es\/wp-content\/uploads\/2017\/05\/heiratsantrag-perfect-moment-300x200.jpg 300w\" sizes=\"auto, (max-width: 600px) 100vw, 600px\" \/><\/div><\/div><\/div><div class=\"ult-item-wrap\" data-animation=\"animated no-animation\"><div class=\"w-image align_none\"><div class=\"w-image-h\"><img decoding=\"async\" width=\"600\" height=\"400\" src=\"https:\/\/perfectmoment.es\/wp-content\/uploads\/2017\/05\/Private-Cook-mallorca-concierge-exclusive-service.jpg\" class=\"attachment-large size-large\" alt=\"\" loading=\"lazy\" srcset=\"https:\/\/perfectmoment.es\/wp-content\/uploads\/2017\/05\/Private-Cook-mallorca-concierge-exclusive-service.jpg 600w, https:\/\/perfectmoment.es\/wp-content\/uploads\/2017\/05\/Private-Cook-mallorca-concierge-exclusive-service-300x200.jpg 300w\" sizes=\"auto, (max-width: 600px) 100vw, 600px\" \/><\/div><\/div><\/div><\/div><\/div>\t\t\t<script type=\"text\/javascript\">\n\t\t\t\tjQuery(document).ready(function ($) {\n\t\t\t\t\tif( typeof jQuery('.ult-carousel-289321319469e3234735ac5').slick == \"function\"){\n\t\t\t\t\t\t$('.ult-carousel-289321319469e3234735ac5').slick({dots: true,autoplay: true,autoplaySpeed: \"4000\",speed: \"300\",infinite: true,arrows: true,nextArrow: '<button type=\"button\" role=\"button\" aria-label=\"Next\" style=\"color:#333333; font-size:20px;\" class=\"slick-next default\"><i class=\"ultsl-arrow-right4\"><\/i><\/button>',prevArrow: '<button type=\"button\" role=\"button\" aria-label=\"Previous\" style=\"color:#333333; font-size:20px;\" class=\"slick-prev default\"><i class=\"ultsl-arrow-left4\"><\/i><\/button>',slidesToScroll:1,slidesToShow:1,swipe: true,draggable: true,touchMove: true,pauseOnHover: true,pauseOnFocus: false,responsive: [\n\t\t\t\t\t\t\t{\n\t\t\t\t\t\t\t  breakpoint: 1026,\n\t\t\t\t\t\t\t  settings: {\n\t\t\t\t\t\t\t\tslidesToShow: 1,\n\t\t\t\t\t\t\t\tslidesToScroll: 1,  \n\t\t\t\t\t\t\t  }\n\t\t\t\t\t\t\t},\n\t\t\t\t\t\t\t{\n\t\t\t\t\t\t\t  breakpoint: 1025,\n\t\t\t\t\t\t\t  settings: {\n\t\t\t\t\t\t\t\tslidesToShow: 1,\n\t\t\t\t\t\t\t\tslidesToScroll: 1\n\t\t\t\t\t\t\t  }\n\t\t\t\t\t\t\t},\n\t\t\t\t\t\t\t{\n\t\t\t\t\t\t\t  breakpoint: 760,\n\t\t\t\t\t\t\t  settings: {\n\t\t\t\t\t\t\t\tslidesToShow: 1,\n\t\t\t\t\t\t\t\tslidesToScroll: 1\n\t\t\t\t\t\t\t  }\n\t\t\t\t\t\t\t}\n\t\t\t\t\t\t],pauseOnDotsHover: true,customPaging: function(slider, i) {\n                   return '<i type=\"button\" style= \"color:#333333;\" class=\"ultsl-record\" data-role=\"none\"><\/i>';\n                },});\n\t\t\t\t\t}\n\t\t\t\t});\n\t\t\t<\/script>\n\t\t\t<\/div><\/div><\/div><\/div><div class=\"wpb_text_column\"><div class=\"wpb_wrapper\"><p><strong>Por ejemplo, sorprenda a su pareja<\/strong> con una m\u00e1gica cena a la luz de las velas al lado del mar y emb\u00e1rquese en un viaje culinario rodeado de una atmosfera de ensue\u00f1o.<\/p>\n<p>Los peque\u00f1os gestos, los detalles sutiles son los que mantienen vivo el romanticismo. \u00bfQu\u00e9 cara cree que pondr\u00e1 su esposa cuando vea un precioso ramo de flores aparecer en la mesa?<\/p>\n<p>Existen infinitos momentos que pueden disfrutar juntos en pareja. \u00a1Dejen sus corazones en nuestras manos!<\/p>\n<\/div><\/div><\/div><\/div><\/div><\/div><\/div><\/section><!-- Row Backgrounds --><div class=\"upb_color\" data-bg-override=\"0\" data-bg-color=\"#ffffff\" data-fadeout=\"\" data-fadeout-percentage=\"30\" data-parallax-content=\"\" data-parallax-content-sense=\"30\" data-row-effect-mobile-disable=\"true\" data-img-parallax-mobile-disable=\"true\" data-rtl=\"false\"  data-custom-vc-row=\"\"  data-vc=\"8.7.2\"  data-is_old_vc=\"\"  data-theme-support=\"\"   data-overlay=\"false\" data-overlay-color=\"\" data-overlay-pattern=\"\" data-overlay-pattern-opacity=\"\" data-overlay-pattern-size=\"\"    data-seperator=\"true\"  data-seperator-type=\"xlarge_circle_seperator\"  data-seperator-shape-size=\"40\"  data-seperator-svg-height=\"80\"  data-seperator-full-width=\"true\" data-seperator-position=\"top_bottom_seperator\"  data-seperator-background-color=\"#2e2925\"  data-icon=\"\"  ><\/div><section class=\"l-section wpb_row height_medium\"><div class=\"l-section-h i-cf\"><div class=\"g-cols vc_row via_flex valign_top type_default stacking_default\"><div class=\"vc_col-sm-12 wpb_column vc_column_container\"><div class=\"vc_column-inner\"><div class=\"wpb_wrapper\"><div class=\"w-grid us_grid with_filters type_grid layout_7666 cols_2 preload_style_spinner ratio_3x2\" id=\"us_grid_1\" style=\"--columns:2;--gap:4px;--item-ratio:0.66667;\"><style>@media (max-width:600px){#us_grid_1{--columns:1!important}}.layout_7666 .w-grid-item-h{background:#b5884a;color:#ffffff}.layout_7666 .usg_post_image_1{transition-duration:0.35s;transform:scale(1) translate(0%,0%)}.layout_7666 .w-grid-item-h:focus-within .usg_post_image_1,.layout_7666 .w-grid-item-h:hover .usg_post_image_1{transform:scale(1.1) translate(0%,0%);opacity:0.1}.layout_7666 .usg_post_image_1{position:absolute!important;top:0!important;right:0!important;bottom:0!important;left:0!important}.layout_7666 .usg_vwrapper_1{position:absolute!important;right:0!important;bottom:0!important;left:0!important;background:linear-gradient(180deg,rgba(0,0,0,0),rgba(30,30,30,0.8))!important;padding:4rem 2rem 1.5rem 2rem!important}.layout_7666 .usg_post_title_1{font-family:var(--h1-font-family)!important;font-size:1.2rem!important;color:#ffffff!important}<\/style><div class=\"g-filters style_1 align_center\"><button class=\"g-filters-item active\" data-taxonomy=\"*\"><span>Todo<\/span><\/button><button class=\"g-filters-item\" data-taxonomy=\"romantic-moments-es\" data-amount=\"4\"><span>Momentos romanticos<\/span><span class=\"g-filters-item-amount\">4<\/span><\/button><\/div><div class=\"w-grid-list\" data-filter_taxonomy_name=\"us_portfolio_category\" data-filter_default_taxonomies=\"romantic-moments-es\">\t<article class=\"w-grid-item size_1x1 post-7260 us_portfolio type-us_portfolio status-publish has-post-thumbnail hentry us_portfolio_category-romantic-moments-es\" data-id=\"7260\">\r\n\t\t<div class=\"w-grid-item-h\">\r\n\t\t\t\t\t\t\t<a href=\"https:\/\/perfectmoment.es\/es\/cena-a-la-luz-de-las-velas\/\" class=\"w-grid-item-anchor\" aria-label=\"Cena a la luz de las velas\"><\/a>\r\n\t\t\t\t\t\t<div class=\"w-post-elm post_image usg_post_image_1 stretched\"><img loading=\"lazy\" decoding=\"async\" width=\"600\" height=\"400\" src=\"https:\/\/perfectmoment.es\/wp-content\/uploads\/2017\/07\/candle-light-dinner-mallorca-perfect-moment-es.jpg\" class=\"attachment-full size-full wp-post-image\" alt=\"\" srcset=\"https:\/\/perfectmoment.es\/wp-content\/uploads\/2017\/07\/candle-light-dinner-mallorca-perfect-moment-es.jpg 600w, https:\/\/perfectmoment.es\/wp-content\/uploads\/2017\/07\/candle-light-dinner-mallorca-perfect-moment-es-300x200.jpg 300w\" sizes=\"auto, (max-width: 600px) 100vw, 600px\" \/><\/div><div class=\"w-vwrapper usg_vwrapper_1 align_center valign_top\"><h2 class=\"w-post-elm post_title usg_post_title_1 has_text_color entry-title color_link_inherit\">Cena a la luz de las velas<\/h2><\/div>\t\t<\/div>\r\n\t\t\t<\/article>\r\n\t<article class=\"w-grid-item size_1x1 post-7342 us_portfolio type-us_portfolio status-publish has-post-thumbnail hentry us_portfolio_category-romantic-moments-es\" data-id=\"7342\">\r\n\t\t<div class=\"w-grid-item-h\">\r\n\t\t\t\t\t\t\t<a href=\"https:\/\/perfectmoment.es\/es\/cocinero-privado\/\" class=\"w-grid-item-anchor\" aria-label=\"Cocinero privado\"><\/a>\r\n\t\t\t\t\t\t<div class=\"w-post-elm post_image usg_post_image_1 stretched\"><img loading=\"lazy\" decoding=\"async\" width=\"600\" height=\"400\" src=\"https:\/\/perfectmoment.es\/wp-content\/uploads\/2017\/05\/Private-Cook-mallorca-concierge-exclusive-service.jpg\" class=\"attachment-full size-full wp-post-image\" alt=\"\" srcset=\"https:\/\/perfectmoment.es\/wp-content\/uploads\/2017\/05\/Private-Cook-mallorca-concierge-exclusive-service.jpg 600w, https:\/\/perfectmoment.es\/wp-content\/uploads\/2017\/05\/Private-Cook-mallorca-concierge-exclusive-service-300x200.jpg 300w\" sizes=\"auto, (max-width: 600px) 100vw, 600px\" \/><\/div><div class=\"w-vwrapper usg_vwrapper_1 align_center valign_top\"><h2 class=\"w-post-elm post_title usg_post_title_1 has_text_color entry-title color_link_inherit\">Cocinero privado<\/h2><\/div>\t\t<\/div>\r\n\t\t\t<\/article>\r\n\t<article class=\"w-grid-item size_1x1 post-7269 us_portfolio type-us_portfolio status-publish has-post-thumbnail hentry us_portfolio_category-romantic-moments-es\" data-id=\"7269\">\r\n\t\t<div class=\"w-grid-item-h\">\r\n\t\t\t\t\t\t\t<a href=\"https:\/\/perfectmoment.es\/es\/el-regalo-especial\/\" class=\"w-grid-item-anchor\" aria-label=\"El regalo especial\"><\/a>\r\n\t\t\t\t\t\t<div class=\"w-post-elm post_image usg_post_image_1 stretched\"><img loading=\"lazy\" decoding=\"async\" width=\"600\" height=\"400\" src=\"https:\/\/perfectmoment.es\/wp-content\/uploads\/2017\/05\/Das-besondere-Geschenk-concierge-service-mallorca.jpg\" class=\"attachment-full size-full wp-post-image\" alt=\"\" srcset=\"https:\/\/perfectmoment.es\/wp-content\/uploads\/2017\/05\/Das-besondere-Geschenk-concierge-service-mallorca.jpg 600w, https:\/\/perfectmoment.es\/wp-content\/uploads\/2017\/05\/Das-besondere-Geschenk-concierge-service-mallorca-300x200.jpg 300w\" sizes=\"auto, (max-width: 600px) 100vw, 600px\" \/><\/div><div class=\"w-vwrapper usg_vwrapper_1 align_center valign_top\"><h2 class=\"w-post-elm post_title usg_post_title_1 has_text_color entry-title color_link_inherit\">El regalo especial<\/h2><\/div>\t\t<\/div>\r\n\t\t\t<\/article>\r\n\t<article class=\"w-grid-item size_1x1 post-7310 us_portfolio type-us_portfolio status-publish has-post-thumbnail hentry us_portfolio_category-romantic-moments-es\" data-id=\"7310\">\r\n\t\t<div class=\"w-grid-item-h\">\r\n\t\t\t\t\t\t\t<a href=\"https:\/\/perfectmoment.es\/es\/proposicion-de-matrimonio\/\" class=\"w-grid-item-anchor\" aria-label=\"Proposici\u00f3n de matrimonio\"><\/a>\r\n\t\t\t\t\t\t<div class=\"w-post-elm post_image usg_post_image_1 stretched\"><img loading=\"lazy\" decoding=\"async\" width=\"600\" height=\"400\" src=\"https:\/\/perfectmoment.es\/wp-content\/uploads\/2017\/05\/heiratsantrag-perfect-moment.jpg\" class=\"attachment-full size-full wp-post-image\" alt=\"\" srcset=\"https:\/\/perfectmoment.es\/wp-content\/uploads\/2017\/05\/heiratsantrag-perfect-moment.jpg 600w, https:\/\/perfectmoment.es\/wp-content\/uploads\/2017\/05\/heiratsantrag-perfect-moment-300x200.jpg 300w\" sizes=\"auto, (max-width: 600px) 100vw, 600px\" \/><\/div><div class=\"w-vwrapper usg_vwrapper_1 align_center valign_top\"><h2 class=\"w-post-elm post_title usg_post_title_1 has_text_color entry-title color_link_inherit\">Proposici\u00f3n de matrimonio<\/h2><\/div>\t\t<\/div>\r\n\t\t\t<\/article>\r\n<\/div>\t<div class=\"w-grid-preloader\">\r\n\t\t<div class=\"g-preloader type_1\">\r\n\t\t\t<div><\/div>\r\n\t\t<\/div>\r\n\t<\/div>\r\n\t\t<div class=\"w-grid-json hidden\" onclick='return {&quot;action&quot;:&quot;us_ajax_grid&quot;,&quot;infinite_scroll&quot;:0,&quot;max_num_pages&quot;:1,&quot;pagination&quot;:&quot;none&quot;,&quot;template_vars&quot;:{&quot;columns&quot;:&quot;2&quot;,&quot;exclude_items&quot;:&quot;none&quot;,&quot;img_size&quot;:&quot;full&quot;,&quot;ignore_items_size&quot;:0,&quot;items_layout&quot;:&quot;7666&quot;,&quot;items_offset&quot;:&quot;1&quot;,&quot;load_animation&quot;:&quot;none&quot;,&quot;overriding_link&quot;:&quot;%7B%22type%22%3A%22post%22%7D&quot;,&quot;post_id&quot;:0,&quot;query_args&quot;:{&quot;post_type&quot;:[&quot;us_portfolio&quot;],&quot;tax_query&quot;:[{&quot;taxonomy&quot;:&quot;us_portfolio_category&quot;,&quot;field&quot;:&quot;slug&quot;,&quot;terms&quot;:[&quot;romantic-moments-es&quot;]}],&quot;post_status&quot;:[&quot;publish&quot;],&quot;posts_per_page&quot;:&quot;4&quot;},&quot;orderby_query_args&quot;:{&quot;orderby&quot;:{&quot;title&quot;:&quot;ASC&quot;},&quot;order&quot;:&quot;ASC&quot;},&quot;type&quot;:&quot;grid&quot;,&quot;us_grid_post_type&quot;:&quot;us_portfolio&quot;,&quot;us_grid_ajax_index&quot;:1,&quot;us_grid_filter_query_string&quot;:null,&quot;us_grid_index&quot;:1,&quot;page_args&quot;:[],&quot;lang&quot;:&quot;es&quot;}}'><\/div>\r\n\t<\/div><\/div><\/div><\/div><\/div><\/div><\/section>\n","protected":false},"excerpt":{"rendered":"La vida escribe las historias de amor m\u00e1s maravillosas. Una proposici\u00f3n de matrimonio es uno de los momentos m\u00e1s especiales que se pueden experimentar y como tal, debe de convertirse en un momento inolvidable. No tiene por qu\u00e9 ser la t\u00edpica cena, y un flashmob repentino en p\u00fablico no siempre es la opci\u00f3n adecuada. Son...","protected":false},"author":1,"featured_media":7299,"parent":0,"menu_order":0,"comment_status":"closed","ping_status":"closed","template":"","meta":{"footnotes":""},"class_list":["post-7356","page","type-page","status-publish","has-post-thumbnail","hentry"],"_links":{"self":[{"href":"https:\/\/perfectmoment.es\/es\/wp-json\/wp\/v2\/pages\/7356","targetHints":{"allow":["GET"]}}],"collection":[{"href":"https:\/\/perfectmoment.es\/es\/wp-json\/wp\/v2\/pages"}],"about":[{"href":"https:\/\/perfectmoment.es\/es\/wp-json\/wp\/v2\/types\/page"}],"author":[{"embeddable":true,"href":"https:\/\/perfectmoment.es\/es\/wp-json\/wp\/v2\/users\/1"}],"replies":[{"embeddable":true,"href":"https:\/\/perfectmoment.es\/es\/wp-json\/wp\/v2\/comments?post=7356"}],"version-history":[{"count":12,"href":"https:\/\/perfectmoment.es\/es\/wp-json\/wp\/v2\/pages\/7356\/revisions"}],"predecessor-version":[{"id":8361,"href":"https:\/\/perfectmoment.es\/es\/wp-json\/wp\/v2\/pages\/7356\/revisions\/8361"}],"wp:featuredmedia":[{"embeddable":true,"href":"https:\/\/perfectmoment.es\/es\/wp-json\/wp\/v2\/media\/7299"}],"wp:attachment":[{"href":"https:\/\/perfectmoment.es\/es\/wp-json\/wp\/v2\/media?parent=7356"}],"curies":[{"name":"wp","href":"https:\/\/api.w.org\/{rel}","templated":true}]}}