{"id":7348,"date":"2017-05-21T13:37:03","date_gmt":"2017-05-21T11:37:03","guid":{"rendered":"https:\/\/www.perfectmoment.es\/roadtrip\/"},"modified":"2021-03-08T01:12:25","modified_gmt":"2021-03-08T00:12:25","slug":"viajes-por-carretera","status":"publish","type":"page","link":"https:\/\/perfectmoment.es\/es\/viajes-por-carretera\/","title":{"rendered":"Viajes por carretera"},"content":{"rendered":"<section class=\"l-section wpb_row us_custom_e11ab399 height_small\"><div class=\"l-section-h i-cf\"><div class=\"g-cols vc_row via_flex valign_middle type_default stacking_default\"><div class=\"vc_col-sm-12 wpb_column vc_column_container\"><div class=\"vc_column-inner\"><div class=\"wpb_wrapper\"><h1 class=\"w-post-elm post_title us_custom_607cd7e8 entry-title color_link_inherit\">Viajes por carretera<\/h1><\/div><\/div><\/div><\/div><\/div><\/section><section class=\"l-section wpb_row height_medium\"><div class=\"l-section-h i-cf\"><div class=\"g-cols vc_row via_flex valign_top type_default stacking_default\"><div class=\"vc_col-sm-12 wpb_column vc_column_container has_text_color\"><div class=\"vc_column-inner us_custom_507bb2db\"><div class=\"wpb_wrapper\"><div class=\"g-cols wpb_row via_flex valign_top type_default stacking_default\"><div class=\"vc_col-sm-6 wpb_column vc_column_container\"><div class=\"vc_column-inner\"><div class=\"wpb_wrapper\"><div class=\"wpb_text_column\"><div class=\"wpb_wrapper\"><h4><strong>\u00a1Pura libertad!<\/strong><\/h4>\n<p>La idea que tenemos hoy en d\u00eda sobre un viaje por carretera es la de sentir libertad. Simplemente subirse al coche, conducir y parar a nuestro antojo. \u00a1Con nosotros el viaje ser\u00e1 una autentica experiencia!<\/p>\n<p>No le ofrecemos los t\u00edpicos medios de transporte diarios sino un hogar, un templo de bienestar y un centro vacacional, todo en uno. Conf\u00ede en Perfect Moment y d\u00e9 el primer paso hacia una sensaci\u00f3n de libertad sin l\u00edmites.<\/p>\n<\/div><\/div><div class=\" ubtn-ctn-center \"><a class=\"ubtn-link ult-adjust-bottom-margin ubtn-center ubtn-block \" href=\"mailto:info@perfectmoment.es\" ><button type=\"button\" id=\"ubtn-9326\"  class=\"ubtn ult-adjust-bottom-margin ult-responsive ubtn-block ubtn-no-hover-bg  none  ubtn-center   tooltip-69e3236729be0 ubtn-block\"  data-hover=\"\" data-border-color=\"\" data-bg=\"\" data-hover-bg=\"\" data-border-hover=\"\" data-shadow-hover=\"\" data-shadow-click=\"none\" data-shadow=\"\" data-shd-shadow=\"\"  data-ultimate-target='#ubtn-9326'  data-responsive-json-new='{\"font-size\":\"\",\"line-height\":\"\"}'  style=\"font-weight:normal;border-radius:3px;border-width:1px;border-color:;border-style:solid;color: #ce9e00;\"><span class=\"ubtn-hover\" style=\"background-color:\"><\/span><span class=\"ubtn-data ubtn-text \" >\u00a1A conducir!<\/span><\/button><\/a><\/div><\/div><\/div><\/div><div class=\"vc_col-sm-6 wpb_column vc_column_container\"><div class=\"vc_column-inner\"><div class=\"wpb_wrapper\"><div id=\"ult-carousel-375458840369e3236729d1e\" class=\"ult-carousel-wrapper   ult_horizontal\" data-gutter=\"15\" data-rtl=\"false\" ><div class=\"ult-carousel-332467856269e3236729d04 \" ><div class=\"ult-item-wrap\" data-animation=\"animated no-animation\"><div class=\"w-image align_none\"><div class=\"w-image-h\"><img decoding=\"async\" width=\"500\" height=\"300\" src=\"https:\/\/perfectmoment.es\/wp-content\/uploads\/2017\/05\/Roadtrip-concierge-mallorca.jpg\" class=\"attachment-large size-large\" alt=\"\" loading=\"lazy\" srcset=\"https:\/\/perfectmoment.es\/wp-content\/uploads\/2017\/05\/Roadtrip-concierge-mallorca.jpg 500w, https:\/\/perfectmoment.es\/wp-content\/uploads\/2017\/05\/Roadtrip-concierge-mallorca-300x180.jpg 300w\" sizes=\"auto, (max-width: 500px) 100vw, 500px\" \/><\/div><\/div><\/div><div class=\"ult-item-wrap\" data-animation=\"animated no-animation\"><div class=\"w-image align_none\"><div class=\"w-image-h\"><img decoding=\"async\" width=\"500\" height=\"300\" src=\"https:\/\/perfectmoment.es\/wp-content\/uploads\/2017\/05\/Roadtrip-harley-davidson-mallorca-concierge.jpg\" class=\"attachment-large size-large\" alt=\"\" loading=\"lazy\" srcset=\"https:\/\/perfectmoment.es\/wp-content\/uploads\/2017\/05\/Roadtrip-harley-davidson-mallorca-concierge.jpg 500w, https:\/\/perfectmoment.es\/wp-content\/uploads\/2017\/05\/Roadtrip-harley-davidson-mallorca-concierge-300x180.jpg 300w\" sizes=\"auto, (max-width: 500px) 100vw, 500px\" \/><\/div><\/div><\/div><div class=\"ult-item-wrap\" data-animation=\"animated no-animation\"><div class=\"w-image align_none\"><div class=\"w-image-h\"><img decoding=\"async\" width=\"500\" height=\"300\" src=\"https:\/\/perfectmoment.es\/wp-content\/uploads\/2017\/05\/Roadtrip-concierge-service-mallorca.jpg\" class=\"attachment-large size-large\" alt=\"\" loading=\"lazy\" srcset=\"https:\/\/perfectmoment.es\/wp-content\/uploads\/2017\/05\/Roadtrip-concierge-service-mallorca.jpg 500w, https:\/\/perfectmoment.es\/wp-content\/uploads\/2017\/05\/Roadtrip-concierge-service-mallorca-300x180.jpg 300w\" sizes=\"auto, (max-width: 500px) 100vw, 500px\" \/><\/div><\/div><\/div><\/div><\/div>\t\t\t<script type=\"text\/javascript\">\n\t\t\t\tjQuery(document).ready(function ($) {\n\t\t\t\t\tif( typeof jQuery('.ult-carousel-332467856269e3236729d04').slick == \"function\"){\n\t\t\t\t\t\t$('.ult-carousel-332467856269e3236729d04').slick({dots: true,autoplay: true,autoplaySpeed: \"4000\",speed: \"300\",infinite: true,arrows: true,nextArrow: '<button type=\"button\" role=\"button\" aria-label=\"Next\" style=\"color:#333333; font-size:20px;\" class=\"slick-next default\"><i class=\"ultsl-arrow-right4\"><\/i><\/button>',prevArrow: '<button type=\"button\" role=\"button\" aria-label=\"Previous\" style=\"color:#333333; font-size:20px;\" class=\"slick-prev default\"><i class=\"ultsl-arrow-left4\"><\/i><\/button>',slidesToScroll:1,slidesToShow:1,swipe: true,draggable: true,touchMove: true,pauseOnHover: true,pauseOnFocus: false,responsive: [\n\t\t\t\t\t\t\t{\n\t\t\t\t\t\t\t  breakpoint: 1026,\n\t\t\t\t\t\t\t  settings: {\n\t\t\t\t\t\t\t\tslidesToShow: 1,\n\t\t\t\t\t\t\t\tslidesToScroll: 1,  \n\t\t\t\t\t\t\t  }\n\t\t\t\t\t\t\t},\n\t\t\t\t\t\t\t{\n\t\t\t\t\t\t\t  breakpoint: 1025,\n\t\t\t\t\t\t\t  settings: {\n\t\t\t\t\t\t\t\tslidesToShow: 1,\n\t\t\t\t\t\t\t\tslidesToScroll: 1\n\t\t\t\t\t\t\t  }\n\t\t\t\t\t\t\t},\n\t\t\t\t\t\t\t{\n\t\t\t\t\t\t\t  breakpoint: 760,\n\t\t\t\t\t\t\t  settings: {\n\t\t\t\t\t\t\t\tslidesToShow: 1,\n\t\t\t\t\t\t\t\tslidesToScroll: 1\n\t\t\t\t\t\t\t  }\n\t\t\t\t\t\t\t}\n\t\t\t\t\t\t],pauseOnDotsHover: true,customPaging: function(slider, i) {\n                   return '<i type=\"button\" style= \"color:#333333;\" class=\"ultsl-record\" data-role=\"none\"><\/i>';\n                },});\n\t\t\t\t\t}\n\t\t\t\t});\n\t\t\t<\/script>\n\t\t\t<\/div><\/div><\/div><\/div><div class=\"wpb_text_column\"><div class=\"wpb_wrapper\"><h4><strong>Emociones<\/strong><\/h4>\n<p>Todo el mundo puede quedar fascinado sobre el dise\u00f1o y la tecnolog\u00eda de un veh\u00edculo pero es un acto puramente emocional.<\/p>\n<p>Imag\u00ednese sentado en el coche de sus sue\u00f1os y conduciendo a lo largo y ancho de las costas de Mallorca junto a la c\u00e1lida brisa veraniega, el mar ondeando y brillando con sus diferentes tonos de azul y su canci\u00f3n favorita, todo mezclado junto al ronroneo del motor.<\/p>\n<h4><strong>Descubra la isla con una moto<\/strong><\/h4>\n<p>Disfrute de los rincones m\u00e1s bonitos de Mallorca subido a una Scooter y evitando las aburridas e interminables autopistas. \u00bfSab\u00eda que no necesita licencia de conducir para una scooter de 125cc en Espa\u00f1a?<\/p>\n<h4><strong>Vacaciones como en el pasado<\/strong><\/h4>\n<p>Mallorca est\u00e1 llena de sorpresas: haga un viaje alrededor de la isla en un VW Bulli o descubra lugares secretos y bah\u00edas en un r\u00e1pido viaje campo a trav\u00e9s montado en un Quad.<\/p>\n<p><strong>\u00a1Haremos sus sue\u00f1os realidad! \u00a1\u00danase a nosotros!<\/strong><\/p>\n<\/div><\/div><\/div><\/div><\/div><\/div><\/div><\/section><!-- Row Backgrounds --><div class=\"upb_color\" data-bg-override=\"0\" data-bg-color=\"#ffffff\" data-fadeout=\"\" data-fadeout-percentage=\"30\" data-parallax-content=\"\" data-parallax-content-sense=\"30\" data-row-effect-mobile-disable=\"true\" data-img-parallax-mobile-disable=\"true\" data-rtl=\"false\"  data-custom-vc-row=\"\"  data-vc=\"8.7.2\"  data-is_old_vc=\"\"  data-theme-support=\"\"   data-overlay=\"false\" data-overlay-color=\"\" data-overlay-pattern=\"\" data-overlay-pattern-opacity=\"\" data-overlay-pattern-size=\"\"    data-seperator=\"true\"  data-seperator-type=\"curve_down_seperator\"  data-seperator-shape-size=\"40\"  data-seperator-svg-height=\"40\"  data-seperator-full-width=\"true\" data-seperator-position=\"top_bottom_seperator\"  data-seperator-background-color=\"#2f2925\"  data-icon=\"\"  ><\/div><section class=\"l-section wpb_row height_medium\"><div class=\"l-section-h i-cf\"><div class=\"g-cols vc_row via_flex valign_top type_default stacking_default\"><div class=\"vc_col-sm-12 wpb_column vc_column_container\"><div class=\"vc_column-inner\"><div class=\"wpb_wrapper\"><div class=\"w-grid us_grid with_filters type_grid layout_7670 cols_3 preload_style_spinner ratio_3x2\" id=\"us_grid_1\" style=\"--columns:3;--gap:4px;--item-ratio:0.66667;\"><style>@media (max-width:1024px){#us_grid_1{--columns:2!important}}@media (max-width:600px){#us_grid_1{--columns:1!important}}.layout_7670 .w-grid-item-h{background:#b5884a;color:#ffffff}.layout_7670 .usg_post_image_1{transition-duration:0.35s;transform:scale(1) translate(0%,0%)}.layout_7670 .w-grid-item-h:focus-within .usg_post_image_1,.layout_7670 .w-grid-item-h:hover .usg_post_image_1{transform:scale(1.1) translate(0%,0%);opacity:0.1}.layout_7670 .usg_post_image_1{position:absolute!important;top:0!important;right:0!important;bottom:0!important;left:0!important}.layout_7670 .usg_vwrapper_1{position:absolute!important;right:0!important;bottom:0!important;left:0!important;background:linear-gradient(180deg,rgba(0,0,0,0),rgba(30,30,30,0.8))!important;padding:4rem 2rem 1.5rem 2rem!important}.layout_7670 .usg_post_title_1{font-family:var(--h1-font-family)!important;font-size:1.2rem!important;color:#ffffff!important}<\/style><div class=\"g-filters style_1 align_center\"><button class=\"g-filters-item active\" data-taxonomy=\"*\"><span>Todo<\/span><\/button><button class=\"g-filters-item\" data-taxonomy=\"roadtrip-es\" data-amount=\"6\"><span>Viajes por carretera<\/span><span class=\"g-filters-item-amount\">6<\/span><\/button><\/div><div class=\"w-grid-list\" data-filter_taxonomy_name=\"us_portfolio_category\" data-filter_default_taxonomies=\"roadtrip-es\">\t<article class=\"w-grid-item size_1x1 post-7362 us_portfolio type-us_portfolio status-publish has-post-thumbnail hentry us_portfolio_category-roadtrip-es\" data-id=\"7362\">\r\n\t\t<div class=\"w-grid-item-h\">\r\n\t\t\t\t\t\t\t<a href=\"https:\/\/perfectmoment.es\/es\/aventuras-sobre-ruedas\/\" class=\"w-grid-item-anchor\" aria-label=\"Aventuras sobre ruedas\"><\/a>\r\n\t\t\t\t\t\t<div class=\"w-post-elm post_image usg_post_image_1 stretched\"><img loading=\"lazy\" decoding=\"async\" width=\"600\" height=\"400\" src=\"https:\/\/perfectmoment.es\/wp-content\/uploads\/2017\/05\/quad-mieten-Street-Adventure-mallorca.jpg\" class=\"attachment-full size-full wp-post-image\" alt=\"\" srcset=\"https:\/\/perfectmoment.es\/wp-content\/uploads\/2017\/05\/quad-mieten-Street-Adventure-mallorca.jpg 600w, https:\/\/perfectmoment.es\/wp-content\/uploads\/2017\/05\/quad-mieten-Street-Adventure-mallorca-300x200.jpg 300w\" sizes=\"auto, (max-width: 600px) 100vw, 600px\" \/><\/div><div class=\"w-vwrapper usg_vwrapper_1 align_left valign_top\"><h2 class=\"w-post-elm post_title usg_post_title_1 has_text_color entry-title color_link_inherit\">Aventuras sobre ruedas<\/h2><\/div>\t\t<\/div>\r\n\t\t\t<\/article>\r\n\t<article class=\"w-grid-item size_1x1 post-7253 us_portfolio type-us_portfolio status-publish has-post-thumbnail hentry us_portfolio_category-roadtrip-es\" data-id=\"7253\">\r\n\t\t<div class=\"w-grid-item-h\">\r\n\t\t\t\t\t\t\t<a href=\"https:\/\/perfectmoment.es\/es\/bulli-camping\/\" class=\"w-grid-item-anchor\" aria-label=\"Camping en VW Bulli\"><\/a>\r\n\t\t\t\t\t\t<div class=\"w-post-elm post_image usg_post_image_1 stretched\"><img loading=\"lazy\" decoding=\"async\" width=\"600\" height=\"400\" src=\"https:\/\/perfectmoment.es\/wp-content\/uploads\/2017\/05\/Bulli-Camping-mallorca.jpg\" class=\"attachment-full size-full wp-post-image\" alt=\"\" srcset=\"https:\/\/perfectmoment.es\/wp-content\/uploads\/2017\/05\/Bulli-Camping-mallorca.jpg 600w, https:\/\/perfectmoment.es\/wp-content\/uploads\/2017\/05\/Bulli-Camping-mallorca-300x200.jpg 300w\" sizes=\"auto, (max-width: 600px) 100vw, 600px\" \/><\/div><div class=\"w-vwrapper usg_vwrapper_1 align_left valign_top\"><h2 class=\"w-post-elm post_title usg_post_title_1 has_text_color entry-title color_link_inherit\">Camping en VW Bulli<\/h2><\/div>\t\t<\/div>\r\n\t\t\t<\/article>\r\n\t<article class=\"w-grid-item size_1x1 post-7264 us_portfolio type-us_portfolio status-publish has-post-thumbnail hentry us_portfolio_category-roadtrip-es\" data-id=\"7264\">\r\n\t\t<div class=\"w-grid-item-h\">\r\n\t\t\t\t\t\t\t<a href=\"https:\/\/perfectmoment.es\/es\/coches-clasicos\/\" class=\"w-grid-item-anchor\" aria-label=\"Coches cl\u00e1sicos\"><\/a>\r\n\t\t\t\t\t\t<div class=\"w-post-elm post_image usg_post_image_1 stretched\"><img loading=\"lazy\" decoding=\"async\" width=\"600\" height=\"400\" src=\"https:\/\/perfectmoment.es\/wp-content\/uploads\/2017\/05\/Classic-Cars-mallorca.jpg\" class=\"attachment-full size-full wp-post-image\" alt=\"\" srcset=\"https:\/\/perfectmoment.es\/wp-content\/uploads\/2017\/05\/Classic-Cars-mallorca.jpg 600w, https:\/\/perfectmoment.es\/wp-content\/uploads\/2017\/05\/Classic-Cars-mallorca-300x200.jpg 300w\" sizes=\"auto, (max-width: 600px) 100vw, 600px\" \/><\/div><div class=\"w-vwrapper usg_vwrapper_1 align_left valign_top\"><h2 class=\"w-post-elm post_title usg_post_title_1 has_text_color entry-title color_link_inherit\">Coches cl\u00e1sicos<\/h2><\/div>\t\t<\/div>\r\n\t\t\t<\/article>\r\n\t<article class=\"w-grid-item size_1x1 post-7320 us_portfolio type-us_portfolio status-publish has-post-thumbnail hentry us_portfolio_category-roadtrip-es\" data-id=\"7320\">\r\n\t\t<div class=\"w-grid-item-h\">\r\n\t\t\t\t\t\t\t<a href=\"https:\/\/perfectmoment.es\/es\/coches-de-lujo\/\" class=\"w-grid-item-anchor\" aria-label=\"Coches de lujo\"><\/a>\r\n\t\t\t\t\t\t<div class=\"w-post-elm post_image usg_post_image_1 stretched\"><img loading=\"lazy\" decoding=\"async\" width=\"500\" height=\"300\" src=\"https:\/\/perfectmoment.es\/wp-content\/uploads\/2017\/05\/Roadtrip-concierge-mallorca.jpg\" class=\"attachment-full size-full wp-post-image\" alt=\"\" srcset=\"https:\/\/perfectmoment.es\/wp-content\/uploads\/2017\/05\/Roadtrip-concierge-mallorca.jpg 500w, https:\/\/perfectmoment.es\/wp-content\/uploads\/2017\/05\/Roadtrip-concierge-mallorca-300x180.jpg 300w\" sizes=\"auto, (max-width: 500px) 100vw, 500px\" \/><\/div><div class=\"w-vwrapper usg_vwrapper_1 align_left valign_top\"><h2 class=\"w-post-elm post_title usg_post_title_1 has_text_color entry-title color_link_inherit\">Coches de lujo<\/h2><\/div>\t\t<\/div>\r\n\t\t\t<\/article>\r\n\t<article class=\"w-grid-item size_1x1 post-7337 us_portfolio type-us_portfolio status-publish has-post-thumbnail hentry us_portfolio_category-roadtrip-es\" data-id=\"7337\">\r\n\t\t<div class=\"w-grid-item-h\">\r\n\t\t\t\t\t\t\t<a href=\"https:\/\/perfectmoment.es\/es\/motocicletas-y-scooters\/\" class=\"w-grid-item-anchor\" aria-label=\"Motocicletas y scooters\"><\/a>\r\n\t\t\t\t\t\t<div class=\"w-post-elm post_image usg_post_image_1 stretched\"><img loading=\"lazy\" decoding=\"async\" width=\"600\" height=\"400\" src=\"https:\/\/perfectmoment.es\/wp-content\/uploads\/2017\/05\/Motorbikes-mieten-roller-mieten-rent-a-Scooter.jpg\" class=\"attachment-full size-full wp-post-image\" alt=\"\" srcset=\"https:\/\/perfectmoment.es\/wp-content\/uploads\/2017\/05\/Motorbikes-mieten-roller-mieten-rent-a-Scooter.jpg 600w, https:\/\/perfectmoment.es\/wp-content\/uploads\/2017\/05\/Motorbikes-mieten-roller-mieten-rent-a-Scooter-300x200.jpg 300w\" sizes=\"auto, (max-width: 600px) 100vw, 600px\" \/><\/div><div class=\"w-vwrapper usg_vwrapper_1 align_left valign_top\"><h2 class=\"w-post-elm post_title usg_post_title_1 has_text_color entry-title color_link_inherit\">Motocicletas y scooters<\/h2><\/div>\t\t<\/div>\r\n\t\t\t<\/article>\r\n\t<article class=\"w-grid-item size_1x1 post-7366 us_portfolio type-us_portfolio status-publish has-post-thumbnail hentry us_portfolio_category-roadtrip-es\" data-id=\"7366\">\r\n\t\t<div class=\"w-grid-item-h\">\r\n\t\t\t\t\t\t\t<a href=\"https:\/\/perfectmoment.es\/es\/servicio-de-traslados\/\" class=\"w-grid-item-anchor\" aria-label=\"Servicio de traslados\"><\/a>\r\n\t\t\t\t\t\t<div class=\"w-post-elm post_image usg_post_image_1 stretched\"><img loading=\"lazy\" decoding=\"async\" width=\"600\" height=\"400\" src=\"https:\/\/perfectmoment.es\/wp-content\/uploads\/2017\/05\/Transfer-service-mallorca.jpg\" class=\"attachment-full size-full wp-post-image\" alt=\"\" srcset=\"https:\/\/perfectmoment.es\/wp-content\/uploads\/2017\/05\/Transfer-service-mallorca.jpg 600w, https:\/\/perfectmoment.es\/wp-content\/uploads\/2017\/05\/Transfer-service-mallorca-300x200.jpg 300w\" sizes=\"auto, (max-width: 600px) 100vw, 600px\" \/><\/div><div class=\"w-vwrapper usg_vwrapper_1 align_left valign_top\"><h2 class=\"w-post-elm post_title usg_post_title_1 has_text_color entry-title color_link_inherit\">Servicio de traslados<\/h2><\/div>\t\t<\/div>\r\n\t\t\t<\/article>\r\n<\/div>\t<div class=\"w-grid-preloader\">\r\n\t\t<div class=\"g-preloader type_1\">\r\n\t\t\t<div><\/div>\r\n\t\t<\/div>\r\n\t<\/div>\r\n\t\t<div class=\"w-grid-json hidden\" onclick='return {&quot;action&quot;:&quot;us_ajax_grid&quot;,&quot;infinite_scroll&quot;:0,&quot;max_num_pages&quot;:1,&quot;pagination&quot;:&quot;none&quot;,&quot;template_vars&quot;:{&quot;columns&quot;:&quot;3&quot;,&quot;exclude_items&quot;:&quot;none&quot;,&quot;img_size&quot;:&quot;full&quot;,&quot;ignore_items_size&quot;:0,&quot;items_layout&quot;:&quot;7670&quot;,&quot;items_offset&quot;:&quot;1&quot;,&quot;load_animation&quot;:&quot;none&quot;,&quot;overriding_link&quot;:&quot;%7B%22type%22%3A%22post%22%7D&quot;,&quot;post_id&quot;:0,&quot;query_args&quot;:{&quot;post_type&quot;:[&quot;us_portfolio&quot;],&quot;tax_query&quot;:[{&quot;taxonomy&quot;:&quot;us_portfolio_category&quot;,&quot;field&quot;:&quot;slug&quot;,&quot;terms&quot;:[&quot;roadtrip-es&quot;]}],&quot;post_status&quot;:[&quot;publish&quot;],&quot;posts_per_page&quot;:&quot;6&quot;},&quot;orderby_query_args&quot;:{&quot;orderby&quot;:{&quot;title&quot;:&quot;ASC&quot;},&quot;order&quot;:&quot;ASC&quot;},&quot;type&quot;:&quot;grid&quot;,&quot;us_grid_post_type&quot;:&quot;us_portfolio&quot;,&quot;us_grid_ajax_index&quot;:1,&quot;us_grid_filter_query_string&quot;:null,&quot;us_grid_index&quot;:1,&quot;page_args&quot;:[],&quot;lang&quot;:&quot;es&quot;}}'><\/div>\r\n\t<\/div><\/div><\/div><\/div><\/div><\/div><\/section>\n","protected":false},"excerpt":{"rendered":"D\u00e9jese llevar Imagine que alguien le est\u00e1 esperando y un chofer se encarga de llevarle all\u00ed donde usted quiera. Ya sea con un chofer privado en un coche de gama alta, con toda la familia en un minib\u00fas o con mucho estilo en una preciosa limusina, su llegada ser\u00e1 triunfal. El servicio de traslados es...","protected":false},"author":1,"featured_media":7302,"parent":0,"menu_order":0,"comment_status":"closed","ping_status":"closed","template":"","meta":{"footnotes":""},"class_list":["post-7348","page","type-page","status-publish","has-post-thumbnail","hentry"],"_links":{"self":[{"href":"https:\/\/perfectmoment.es\/es\/wp-json\/wp\/v2\/pages\/7348","targetHints":{"allow":["GET"]}}],"collection":[{"href":"https:\/\/perfectmoment.es\/es\/wp-json\/wp\/v2\/pages"}],"about":[{"href":"https:\/\/perfectmoment.es\/es\/wp-json\/wp\/v2\/types\/page"}],"author":[{"embeddable":true,"href":"https:\/\/perfectmoment.es\/es\/wp-json\/wp\/v2\/users\/1"}],"replies":[{"embeddable":true,"href":"https:\/\/perfectmoment.es\/es\/wp-json\/wp\/v2\/comments?post=7348"}],"version-history":[{"count":13,"href":"https:\/\/perfectmoment.es\/es\/wp-json\/wp\/v2\/pages\/7348\/revisions"}],"predecessor-version":[{"id":8360,"href":"https:\/\/perfectmoment.es\/es\/wp-json\/wp\/v2\/pages\/7348\/revisions\/8360"}],"wp:featuredmedia":[{"embeddable":true,"href":"https:\/\/perfectmoment.es\/es\/wp-json\/wp\/v2\/media\/7302"}],"wp:attachment":[{"href":"https:\/\/perfectmoment.es\/es\/wp-json\/wp\/v2\/media?parent=7348"}],"curies":[{"name":"wp","href":"https:\/\/api.w.org\/{rel}","templated":true}]}}