{"id":7304,"date":"2017-05-21T13:34:13","date_gmt":"2017-05-21T11:34:13","guid":{"rendered":"https:\/\/www.perfectmoment.es\/healthy-moments\/"},"modified":"2021-03-08T01:12:24","modified_gmt":"2021-03-08T00:12:24","slug":"momentos-saludables","status":"publish","type":"page","link":"https:\/\/perfectmoment.es\/es\/momentos-saludables\/","title":{"rendered":"Momentos saludables"},"content":{"rendered":"<section class=\"l-section wpb_row us_custom_e11ab399 height_small\"><div class=\"l-section-h i-cf\"><div class=\"g-cols vc_row via_flex valign_middle type_default stacking_default\"><div class=\"vc_col-sm-12 wpb_column vc_column_container\"><div class=\"vc_column-inner\"><div class=\"wpb_wrapper\"><h1 class=\"w-post-elm post_title us_custom_607cd7e8 entry-title color_link_inherit\">Momentos saludables<\/h1><\/div><\/div><\/div><\/div><\/div><\/section><section class=\"l-section wpb_row height_medium\"><div class=\"l-section-h i-cf\"><div class=\"g-cols vc_row via_flex valign_top type_default stacking_default\"><div class=\"vc_col-sm-12 wpb_column vc_column_container has_text_color\"><div class=\"vc_column-inner us_custom_8f0a4876\"><div class=\"wpb_wrapper\"><div class=\"g-cols wpb_row us_custom_b522df16 via_flex valign_top type_default stacking_default\"><div class=\"vc_col-sm-6 wpb_column vc_column_container\"><div class=\"vc_column-inner\"><div class=\"wpb_wrapper\"><div class=\"wpb_text_column\"><div class=\"wpb_wrapper\"><h4><strong>\u00a1Te ves genial! \u2018\u2013 \u00bfA quien no le gusta o\u00edr eso?<\/strong><\/h4>\n<p>Viva una vida sana y activa y averig\u00fce como estar en forma puede cambiar su vida de la manera adecuada.<\/p>\n<p>Despu\u00e9s de dar un par de vueltas en la piscina con uno de nuestros entrenadores personales, nuestro nutricionista le pondr\u00e1 en el camino correcto para lograr su objetivo, ya sea con unas clases de yoga bajo en c\u00e1lido sol en el puerto o ponerse en serio con unas vacaciones deportivas especialmente dise\u00f1adas para dejar la vida diaria atr\u00e1s. Hay muchas opciones y alternativas, \u00a1permita que nuestros profesionales le asesoren!<\/p>\n<\/div><\/div><div class=\" ubtn-ctn-center \"><a class=\"ubtn-link ult-adjust-bottom-margin ubtn-center ubtn-block \" href=\"mailto:info@perfectmoment.es\" ><button type=\"button\" id=\"ubtn-2308\"  class=\"ubtn ult-adjust-bottom-margin ult-responsive ubtn-block ubtn-no-hover-bg  none  ubtn-center   tooltip-69e33b18b05bc ubtn-block\"  data-hover=\"\" data-border-color=\"\" data-bg=\"\" data-hover-bg=\"\" data-border-hover=\"\" data-shadow-hover=\"\" data-shadow-click=\"none\" data-shadow=\"\" data-shd-shadow=\"\"  data-ultimate-target='#ubtn-2308'  data-responsive-json-new='{\"font-size\":\"\",\"line-height\":\"\"}'  style=\"font-weight:normal;border-radius:3px;border-width:1px;border-color:;border-style:solid;color: #ce9e00;\"><span class=\"ubtn-hover\" style=\"background-color:\"><\/span><span class=\"ubtn-data ubtn-text \" >\u00a1A disfrutar!<\/span><\/button><\/a><\/div><\/div><\/div><\/div><div class=\"vc_col-sm-6 wpb_column vc_column_container\"><div class=\"vc_column-inner\"><div class=\"wpb_wrapper\"><div id=\"ult-carousel-206825888869e33b18b0714\" class=\"ult-carousel-wrapper   ult_horizontal\" data-gutter=\"15\" data-rtl=\"false\" ><div class=\"ult-carousel-233836996769e33b18b06f9 \" ><div class=\"ult-item-wrap\" data-animation=\"animated no-animation\"><div class=\"w-image align_none\"><div class=\"w-image-h\"><img decoding=\"async\" width=\"600\" height=\"400\" src=\"https:\/\/perfectmoment.es\/wp-content\/uploads\/2017\/05\/Wellness-Mallorca-Beauty-erholung-urlaub-concierge-luxus.jpg\" class=\"attachment-large size-large\" alt=\"\" loading=\"lazy\" srcset=\"https:\/\/perfectmoment.es\/wp-content\/uploads\/2017\/05\/Wellness-Mallorca-Beauty-erholung-urlaub-concierge-luxus.jpg 600w, https:\/\/perfectmoment.es\/wp-content\/uploads\/2017\/05\/Wellness-Mallorca-Beauty-erholung-urlaub-concierge-luxus-300x200.jpg 300w\" sizes=\"auto, (max-width: 600px) 100vw, 600px\" \/><\/div><\/div><\/div><div class=\"ult-item-wrap\" data-animation=\"animated no-animation\"><div class=\"w-image align_none\"><div class=\"w-image-h\"><img decoding=\"async\" width=\"600\" height=\"400\" src=\"https:\/\/perfectmoment.es\/wp-content\/uploads\/2017\/05\/Yoga-mallorca-Pilates-entspannung-wellness-service.jpg\" class=\"attachment-large size-large\" alt=\"\" loading=\"lazy\" srcset=\"https:\/\/perfectmoment.es\/wp-content\/uploads\/2017\/05\/Yoga-mallorca-Pilates-entspannung-wellness-service.jpg 600w, https:\/\/perfectmoment.es\/wp-content\/uploads\/2017\/05\/Yoga-mallorca-Pilates-entspannung-wellness-service-300x200.jpg 300w\" sizes=\"auto, (max-width: 600px) 100vw, 600px\" \/><\/div><\/div><\/div><div class=\"ult-item-wrap\" data-animation=\"animated no-animation\"><div class=\"w-image align_none\"><div class=\"w-image-h\"><img decoding=\"async\" width=\"600\" height=\"400\" src=\"https:\/\/perfectmoment.es\/wp-content\/uploads\/2017\/05\/Ernaehrungscoach-mallorca-beratung-service.jpg\" class=\"attachment-large size-large\" alt=\"\" loading=\"lazy\" srcset=\"https:\/\/perfectmoment.es\/wp-content\/uploads\/2017\/05\/Ernaehrungscoach-mallorca-beratung-service.jpg 600w, https:\/\/perfectmoment.es\/wp-content\/uploads\/2017\/05\/Ernaehrungscoach-mallorca-beratung-service-300x200.jpg 300w\" sizes=\"auto, (max-width: 600px) 100vw, 600px\" \/><\/div><\/div><\/div><\/div><\/div>\t\t\t<script type=\"text\/javascript\">\n\t\t\t\tjQuery(document).ready(function ($) {\n\t\t\t\t\tif( typeof jQuery('.ult-carousel-233836996769e33b18b06f9').slick == \"function\"){\n\t\t\t\t\t\t$('.ult-carousel-233836996769e33b18b06f9').slick({dots: true,autoplay: true,autoplaySpeed: \"4000\",speed: \"300\",infinite: true,arrows: true,nextArrow: '<button type=\"button\" role=\"button\" aria-label=\"Next\" style=\"color:#333333; font-size:20px;\" class=\"slick-next default\"><i class=\"ultsl-arrow-right4\"><\/i><\/button>',prevArrow: '<button type=\"button\" role=\"button\" aria-label=\"Previous\" style=\"color:#333333; font-size:20px;\" class=\"slick-prev default\"><i class=\"ultsl-arrow-left4\"><\/i><\/button>',slidesToScroll:1,slidesToShow:1,swipe: true,draggable: true,touchMove: true,pauseOnHover: true,pauseOnFocus: false,responsive: [\n\t\t\t\t\t\t\t{\n\t\t\t\t\t\t\t  breakpoint: 1026,\n\t\t\t\t\t\t\t  settings: {\n\t\t\t\t\t\t\t\tslidesToShow: 1,\n\t\t\t\t\t\t\t\tslidesToScroll: 1,  \n\t\t\t\t\t\t\t  }\n\t\t\t\t\t\t\t},\n\t\t\t\t\t\t\t{\n\t\t\t\t\t\t\t  breakpoint: 1025,\n\t\t\t\t\t\t\t  settings: {\n\t\t\t\t\t\t\t\tslidesToShow: 1,\n\t\t\t\t\t\t\t\tslidesToScroll: 1\n\t\t\t\t\t\t\t  }\n\t\t\t\t\t\t\t},\n\t\t\t\t\t\t\t{\n\t\t\t\t\t\t\t  breakpoint: 760,\n\t\t\t\t\t\t\t  settings: {\n\t\t\t\t\t\t\t\tslidesToShow: 1,\n\t\t\t\t\t\t\t\tslidesToScroll: 1\n\t\t\t\t\t\t\t  }\n\t\t\t\t\t\t\t}\n\t\t\t\t\t\t],pauseOnDotsHover: true,customPaging: function(slider, i) {\n                   return '<i type=\"button\" style= \"color:#333333;\" class=\"ultsl-record\" data-role=\"none\"><\/i>';\n                },});\n\t\t\t\t\t}\n\t\t\t\t});\n\t\t\t<\/script>\n\t\t\t<\/div><\/div><\/div><\/div><div class=\"vc_col-sm-12 wpb_column vc_column_container\"><div class=\"vc_column-inner\"><div class=\"wpb_wrapper\"><div class=\"wpb_text_column\"><div class=\"wpb_wrapper\"><p>\u00bfQu\u00e9 opina sobre un masaje en un selecto SPA? O si lo prefiere, \u00bfpor qu\u00e9 no en su propia casa? \u00bfPor qu\u00e9 no someterse a un tratamiento de belleza antes de ese evento importante? \u00a1Recuerde que mimarse a uno mismo es esencial!<\/p>\n<p>\u00a1Deje a su pareja at\u00f3nita y si\u00e9ntase genial! \u00a1Nosotros le ayudaremos!<\/p>\n<\/div><\/div><\/div><\/div><\/div><\/div><\/div><\/div><\/div><\/div><\/section><!-- Row Backgrounds --><div class=\"upb_color\" data-bg-override=\"0\" data-bg-color=\"#ffffff\" data-fadeout=\"\" data-fadeout-percentage=\"30\" data-parallax-content=\"\" data-parallax-content-sense=\"30\" data-row-effect-mobile-disable=\"true\" data-img-parallax-mobile-disable=\"true\" data-rtl=\"false\"  data-custom-vc-row=\"\"  data-vc=\"8.7.2\"  data-is_old_vc=\"\"  data-theme-support=\"\"   data-overlay=\"false\" data-overlay-color=\"\" data-overlay-pattern=\"\" data-overlay-pattern-opacity=\"\" data-overlay-pattern-size=\"\"    data-seperator=\"true\"  data-seperator-type=\"round_split_seperator\"  data-seperator-shape-size=\"40\"  data-seperator-svg-height=\"60\"  data-seperator-full-width=\"true\" data-seperator-position=\"top_bottom_seperator\"  data-seperator-background-color=\"#2e2925\"  data-icon=\"\"  ><\/div><section class=\"l-section wpb_row height_small\"><div class=\"l-section-h i-cf\"><div class=\"g-cols vc_row via_flex valign_top type_default stacking_default\"><div class=\"vc_col-sm-12 wpb_column vc_column_container\"><div class=\"vc_column-inner\"><div class=\"wpb_wrapper\"><div class=\"w-grid us_grid with_filters type_grid layout_7670 cols_3 preload_style_spinner ratio_3x2\" id=\"us_grid_1\" style=\"--columns:3;--gap:4px;--item-ratio:0.66667;\"><style>@media (max-width:1024px){#us_grid_1{--columns:2!important}}@media (max-width:600px){#us_grid_1{--columns:1!important}}.layout_7670 .w-grid-item-h{background:#b5884a;color:#ffffff}.layout_7670 .usg_post_image_1{transition-duration:0.35s;transform:scale(1) translate(0%,0%)}.layout_7670 .w-grid-item-h:focus-within .usg_post_image_1,.layout_7670 .w-grid-item-h:hover .usg_post_image_1{transform:scale(1.1) translate(0%,0%);opacity:0.1}.layout_7670 .usg_post_image_1{position:absolute!important;top:0!important;right:0!important;bottom:0!important;left:0!important}.layout_7670 .usg_vwrapper_1{position:absolute!important;right:0!important;bottom:0!important;left:0!important;background:linear-gradient(180deg,rgba(0,0,0,0),rgba(30,30,30,0.8))!important;padding:4rem 2rem 1.5rem 2rem!important}.layout_7670 .usg_post_title_1{font-family:var(--h1-font-family)!important;font-size:1.2rem!important;color:#ffffff!important}<\/style><div class=\"g-filters style_1 align_center\"><button class=\"g-filters-item active\" data-taxonomy=\"*\"><span>Todo<\/span><\/button><button class=\"g-filters-item\" data-taxonomy=\"momentos-saludables\" data-amount=\"6\"><span>Momentos saludables<\/span><span class=\"g-filters-item-amount\">6<\/span><\/button><\/div><div class=\"w-grid-list\" data-filter_taxonomy_name=\"us_portfolio_category\" data-filter_default_taxonomies=\"momentos-saludables\">\t<article class=\"w-grid-item size_1x1 post-7273 us_portfolio type-us_portfolio status-publish has-post-thumbnail hentry us_portfolio_category-momentos-saludables\" data-id=\"7273\">\r\n\t\t<div class=\"w-grid-item-h\">\r\n\t\t\t\t\t\t\t<a href=\"https:\/\/perfectmoment.es\/es\/asesoramiento-nutricional\/\" class=\"w-grid-item-anchor\" aria-label=\"Asesoramiento nutricional\"><\/a>\r\n\t\t\t\t\t\t<div class=\"w-post-elm post_image usg_post_image_1 stretched\"><img loading=\"lazy\" decoding=\"async\" width=\"600\" height=\"400\" src=\"https:\/\/perfectmoment.es\/wp-content\/uploads\/2017\/05\/Ernaehrung-mallorca-gesund-essen.jpg\" class=\"attachment-full size-full wp-post-image\" alt=\"\" srcset=\"https:\/\/perfectmoment.es\/wp-content\/uploads\/2017\/05\/Ernaehrung-mallorca-gesund-essen.jpg 600w, https:\/\/perfectmoment.es\/wp-content\/uploads\/2017\/05\/Ernaehrung-mallorca-gesund-essen-300x200.jpg 300w\" sizes=\"auto, (max-width: 600px) 100vw, 600px\" \/><\/div><div class=\"w-vwrapper usg_vwrapper_1 align_left valign_top\"><h2 class=\"w-post-elm post_title usg_post_title_1 has_text_color entry-title color_link_inherit\">Asesoramiento nutricional<\/h2><\/div>\t\t<\/div>\r\n\t\t\t<\/article>\r\n\t<article class=\"w-grid-item size_1x1 post-7241 us_portfolio type-us_portfolio status-publish has-post-thumbnail hentry us_portfolio_category-momentos-saludables\" data-id=\"7241\">\r\n\t\t<div class=\"w-grid-item-h\">\r\n\t\t\t\t\t\t\t<a href=\"https:\/\/perfectmoment.es\/es\/belleza-y-bienestar\/\" class=\"w-grid-item-anchor\" aria-label=\"Belleza y bienestar\"><\/a>\r\n\t\t\t\t\t\t<div class=\"w-post-elm post_image usg_post_image_1 stretched\"><img loading=\"lazy\" decoding=\"async\" width=\"600\" height=\"400\" src=\"https:\/\/perfectmoment.es\/wp-content\/uploads\/2017\/05\/Wellness-Mallorca-Beauty-erholung-urlaub-concierge-luxus.jpg\" class=\"attachment-full size-full wp-post-image\" alt=\"\" srcset=\"https:\/\/perfectmoment.es\/wp-content\/uploads\/2017\/05\/Wellness-Mallorca-Beauty-erholung-urlaub-concierge-luxus.jpg 600w, https:\/\/perfectmoment.es\/wp-content\/uploads\/2017\/05\/Wellness-Mallorca-Beauty-erholung-urlaub-concierge-luxus-300x200.jpg 300w\" sizes=\"auto, (max-width: 600px) 100vw, 600px\" \/><\/div><div class=\"w-vwrapper usg_vwrapper_1 align_left valign_top\"><h2 class=\"w-post-elm post_title usg_post_title_1 has_text_color entry-title color_link_inherit\">Belleza y bienestar<\/h2><\/div>\t\t<\/div>\r\n\t\t\t<\/article>\r\n\t<article class=\"w-grid-item size_1x1 post-7371 us_portfolio type-us_portfolio status-publish has-post-thumbnail hentry us_portfolio_category-momentos-saludables\" data-id=\"7371\">\r\n\t\t<div class=\"w-grid-item-h\">\r\n\t\t\t\t\t\t\t<a href=\"https:\/\/perfectmoment.es\/es\/entrenador-personal\/\" class=\"w-grid-item-anchor\" aria-label=\"Entrenador personal\"><\/a>\r\n\t\t\t\t\t\t<div class=\"w-post-elm post_image usg_post_image_1 stretched\"><img loading=\"lazy\" decoding=\"async\" width=\"600\" height=\"400\" src=\"https:\/\/perfectmoment.es\/wp-content\/uploads\/2017\/05\/Private-Trainer-mallorca-concierge-service-perfect-moment2.jpg\" class=\"attachment-full size-full wp-post-image\" alt=\"\" srcset=\"https:\/\/perfectmoment.es\/wp-content\/uploads\/2017\/05\/Private-Trainer-mallorca-concierge-service-perfect-moment2.jpg 600w, https:\/\/perfectmoment.es\/wp-content\/uploads\/2017\/05\/Private-Trainer-mallorca-concierge-service-perfect-moment2-300x200.jpg 300w\" sizes=\"auto, (max-width: 600px) 100vw, 600px\" \/><\/div><div class=\"w-vwrapper usg_vwrapper_1 align_left valign_top\"><h2 class=\"w-post-elm post_title usg_post_title_1 has_text_color entry-title color_link_inherit\">Entrenador personal<\/h2><\/div>\t\t<\/div>\r\n\t\t\t<\/article>\r\n\t<article class=\"w-grid-item size_1x1 post-7325 us_portfolio type-us_portfolio status-publish has-post-thumbnail hentry us_portfolio_category-momentos-saludables\" data-id=\"7325\">\r\n\t\t<div class=\"w-grid-item-h\">\r\n\t\t\t\t\t\t\t<a href=\"https:\/\/perfectmoment.es\/es\/servicios-medicos\/\" class=\"w-grid-item-anchor\" aria-label=\"Servicios m\u00e9dicos\"><\/a>\r\n\t\t\t\t\t\t<div class=\"w-post-elm post_image usg_post_image_1 stretched\"><img loading=\"lazy\" decoding=\"async\" width=\"600\" height=\"400\" src=\"https:\/\/perfectmoment.es\/wp-content\/uploads\/2017\/05\/Medical-Service-mallorca.jpg\" class=\"attachment-full size-full wp-post-image\" alt=\"\" srcset=\"https:\/\/perfectmoment.es\/wp-content\/uploads\/2017\/05\/Medical-Service-mallorca.jpg 600w, https:\/\/perfectmoment.es\/wp-content\/uploads\/2017\/05\/Medical-Service-mallorca-300x200.jpg 300w\" sizes=\"auto, (max-width: 600px) 100vw, 600px\" \/><\/div><div class=\"w-vwrapper usg_vwrapper_1 align_left valign_top\"><h2 class=\"w-post-elm post_title usg_post_title_1 has_text_color entry-title color_link_inherit\">Servicios m\u00e9dicos<\/h2><\/div>\t\t<\/div>\r\n\t\t\t<\/article>\r\n\t<article class=\"w-grid-item size_1x1 post-7284 us_portfolio type-us_portfolio status-publish has-post-thumbnail hentry us_portfolio_category-momentos-saludables\" data-id=\"7284\">\r\n\t\t<div class=\"w-grid-item-h\">\r\n\t\t\t\t\t\t\t<a href=\"https:\/\/perfectmoment.es\/es\/vacaciones-deportivas\/\" class=\"w-grid-item-anchor\" aria-label=\"Vacaciones deportivas\"><\/a>\r\n\t\t\t\t\t\t<div class=\"w-post-elm post_image usg_post_image_1 stretched\"><img loading=\"lazy\" decoding=\"async\" width=\"600\" height=\"400\" src=\"https:\/\/perfectmoment.es\/wp-content\/uploads\/2017\/05\/Fitness-Urlaub-mallorca.jpg\" class=\"attachment-full size-full wp-post-image\" alt=\"\" srcset=\"https:\/\/perfectmoment.es\/wp-content\/uploads\/2017\/05\/Fitness-Urlaub-mallorca.jpg 600w, https:\/\/perfectmoment.es\/wp-content\/uploads\/2017\/05\/Fitness-Urlaub-mallorca-300x200.jpg 300w\" sizes=\"auto, (max-width: 600px) 100vw, 600px\" \/><\/div><div class=\"w-vwrapper usg_vwrapper_1 align_left valign_top\"><h2 class=\"w-post-elm post_title usg_post_title_1 has_text_color entry-title color_link_inherit\">Vacaciones deportivas<\/h2><\/div>\t\t<\/div>\r\n\t\t\t<\/article>\r\n\t<article class=\"w-grid-item size_1x1 post-7458 us_portfolio type-us_portfolio status-publish has-post-thumbnail hentry us_portfolio_category-momentos-saludables\" data-id=\"7458\">\r\n\t\t<div class=\"w-grid-item-h\">\r\n\t\t\t\t\t\t\t<a href=\"https:\/\/perfectmoment.es\/es\/yoga-pilates\/\" class=\"w-grid-item-anchor\" aria-label=\"Yoga &#038; Pilates\"><\/a>\r\n\t\t\t\t\t\t<div class=\"w-post-elm post_image usg_post_image_1 stretched\"><img loading=\"lazy\" decoding=\"async\" width=\"600\" height=\"400\" src=\"https:\/\/perfectmoment.es\/wp-content\/uploads\/2017\/05\/Yoga-mallorca-Pilates-entspannung-wellness-service.jpg\" class=\"attachment-full size-full wp-post-image\" alt=\"\" srcset=\"https:\/\/perfectmoment.es\/wp-content\/uploads\/2017\/05\/Yoga-mallorca-Pilates-entspannung-wellness-service.jpg 600w, https:\/\/perfectmoment.es\/wp-content\/uploads\/2017\/05\/Yoga-mallorca-Pilates-entspannung-wellness-service-300x200.jpg 300w\" sizes=\"auto, (max-width: 600px) 100vw, 600px\" \/><\/div><div class=\"w-vwrapper usg_vwrapper_1 align_left valign_top\"><h2 class=\"w-post-elm post_title usg_post_title_1 has_text_color entry-title color_link_inherit\">Yoga &#038; Pilates<\/h2><\/div>\t\t<\/div>\r\n\t\t\t<\/article>\r\n<\/div>\t<div class=\"w-grid-preloader\">\r\n\t\t<div class=\"g-preloader type_1\">\r\n\t\t\t<div><\/div>\r\n\t\t<\/div>\r\n\t<\/div>\r\n\t\t<div class=\"w-grid-json hidden\" onclick='return {&quot;action&quot;:&quot;us_ajax_grid&quot;,&quot;infinite_scroll&quot;:0,&quot;max_num_pages&quot;:1,&quot;pagination&quot;:&quot;none&quot;,&quot;template_vars&quot;:{&quot;columns&quot;:&quot;3&quot;,&quot;exclude_items&quot;:&quot;none&quot;,&quot;img_size&quot;:&quot;full&quot;,&quot;ignore_items_size&quot;:0,&quot;items_layout&quot;:&quot;7670&quot;,&quot;items_offset&quot;:&quot;1&quot;,&quot;load_animation&quot;:&quot;none&quot;,&quot;overriding_link&quot;:&quot;%7B%22type%22%3A%22post%22%7D&quot;,&quot;post_id&quot;:0,&quot;query_args&quot;:{&quot;post_type&quot;:[&quot;us_portfolio&quot;],&quot;tax_query&quot;:[{&quot;taxonomy&quot;:&quot;us_portfolio_category&quot;,&quot;field&quot;:&quot;slug&quot;,&quot;terms&quot;:[&quot;momentos-saludables&quot;]}],&quot;post_status&quot;:[&quot;publish&quot;],&quot;posts_per_page&quot;:&quot;6&quot;},&quot;orderby_query_args&quot;:{&quot;orderby&quot;:{&quot;title&quot;:&quot;ASC&quot;},&quot;order&quot;:&quot;ASC&quot;},&quot;type&quot;:&quot;grid&quot;,&quot;us_grid_post_type&quot;:&quot;us_portfolio&quot;,&quot;us_grid_ajax_index&quot;:1,&quot;us_grid_filter_query_string&quot;:null,&quot;us_grid_index&quot;:1,&quot;page_args&quot;:[],&quot;lang&quot;:&quot;es&quot;}}'><\/div>\r\n\t<\/div><\/div><\/div><\/div><\/div><\/div><\/section>\n","protected":false},"excerpt":{"rendered":"Yoga y Pilates son una nueva tendencia en el mundo del fitness que se est\u00e1n haciendo muy populares en Mallorca Aprenda sobre t\u00e9cnicas, respirar de forma correcta y perciba su cuerpo de una nueva forma. Pruebe cu\u00e1les son las estrategias que mejor se adaptan a usted. Ambos deportes incrementan la energ\u00eda durante el d\u00eda y...","protected":false},"author":1,"featured_media":7303,"parent":0,"menu_order":0,"comment_status":"closed","ping_status":"closed","template":"","meta":{"footnotes":""},"class_list":["post-7304","page","type-page","status-publish","has-post-thumbnail","hentry"],"_links":{"self":[{"href":"https:\/\/perfectmoment.es\/es\/wp-json\/wp\/v2\/pages\/7304","targetHints":{"allow":["GET"]}}],"collection":[{"href":"https:\/\/perfectmoment.es\/es\/wp-json\/wp\/v2\/pages"}],"about":[{"href":"https:\/\/perfectmoment.es\/es\/wp-json\/wp\/v2\/types\/page"}],"author":[{"embeddable":true,"href":"https:\/\/perfectmoment.es\/es\/wp-json\/wp\/v2\/users\/1"}],"replies":[{"embeddable":true,"href":"https:\/\/perfectmoment.es\/es\/wp-json\/wp\/v2\/comments?post=7304"}],"version-history":[{"count":12,"href":"https:\/\/perfectmoment.es\/es\/wp-json\/wp\/v2\/pages\/7304\/revisions"}],"predecessor-version":[{"id":8352,"href":"https:\/\/perfectmoment.es\/es\/wp-json\/wp\/v2\/pages\/7304\/revisions\/8352"}],"wp:featuredmedia":[{"embeddable":true,"href":"https:\/\/perfectmoment.es\/es\/wp-json\/wp\/v2\/media\/7303"}],"wp:attachment":[{"href":"https:\/\/perfectmoment.es\/es\/wp-json\/wp\/v2\/media?parent=7304"}],"curies":[{"name":"wp","href":"https:\/\/api.w.org\/{rel}","templated":true}]}}