{"id":7289,"date":"2013-05-31T08:44:43","date_gmt":"2013-05-31T08:44:43","guid":{"rendered":"https:\/\/www.perfectmoment.es\/home\/"},"modified":"2021-03-08T01:12:24","modified_gmt":"2021-03-08T00:12:24","slug":"home","status":"publish","type":"page","link":"https:\/\/perfectmoment.es\/es\/","title":{"rendered":"Home"},"content":{"rendered":"<section class=\"l-section wpb_row height_auto width_full color_primary\"><div class=\"l-section-h i-cf\"><div class=\"g-cols vc_row via_flex valign_top type_default stacking_default\"><div class=\"vc_col-sm-12 vc_hidden-sm vc_hidden-xs wpb_column vc_column_container\"><div class=\"vc_column-inner\"><div class=\"wpb_wrapper\">[rev_slider_vc alias=\u00bbhome-slider-es\u00bb]<\/div><\/div><\/div><\/div><\/div><\/section><section class=\"l-section wpb_row height_auto\"><div class=\"l-section-h i-cf\"><div class=\"g-cols vc_row via_flex valign_top type_default stacking_default\"><div class=\"vc_col-sm-12 wpb_column vc_column_container\"><div class=\"vc_column-inner us_custom_33d57fd6\"><div class=\"wpb_wrapper\"><div class=\"w-separator us_custom_6df4bc3a has_text_color size_medium with_line width_default thick_1 style_solid color_border align_center with_text with_content\"><div class=\"w-separator-h\"><p class=\"w-separator-text\"><span>Concierge &amp; Lifestyle Management<\/span><\/p><\/div><\/div><div class=\"w-iconbox iconpos_top style_default color_custom align_center no_text no_title\"><a href=\"#video\" class=\"w-iconbox-link\" aria-label=\"fas|arrow-circle-down\"><div class=\"w-iconbox-icon\" style=\"font-size:2rem;--icon-color:#ce9e00;--icon-bg-color:#f9f9f9;\"><i class=\"fas fa-arrow-circle-down\"><\/i><\/div><\/a><div class=\"w-iconbox-meta\"><\/div><\/div><\/div><\/div><\/div><\/div><\/div><\/section><!-- Row Backgrounds --><div class=\"upb_color\" data-bg-override=\"0\" data-bg-color=\"#221e1b\" data-fadeout=\"\" data-fadeout-percentage=\"30\" data-parallax-content=\"\" data-parallax-content-sense=\"30\" data-row-effect-mobile-disable=\"true\" data-img-parallax-mobile-disable=\"true\" data-rtl=\"false\"  data-custom-vc-row=\"\"  data-vc=\"8.7.2\"  data-is_old_vc=\"\"  data-theme-support=\"\"   data-overlay=\"false\" data-overlay-color=\"\" data-overlay-pattern=\"\" data-overlay-pattern-opacity=\"\" data-overlay-pattern-size=\"\"    data-seperator=\"true\"  data-seperator-type=\"round_split_seperator\"  data-seperator-shape-size=\"40\"  data-seperator-svg-height=\"60\"  data-seperator-full-width=\"true\" data-seperator-position=\"bottom_seperator\"  data-seperator-background-color=\"#ffffff\"  data-icon=\"\"  ><\/div><section class=\"l-section wpb_row us_custom_9dc98cd9 height_small\" id=\"video\"><div class=\"l-section-h i-cf\"><div class=\"g-cols vc_row via_flex valign_top type_default stacking_default\"><div class=\"vc_col-sm-12 wpb_column vc_column_container\"><div class=\"vc_column-inner\"><div class=\"wpb_wrapper\"><div class=\"g-cols wpb_row us_custom_f37aca33 via_flex valign_top type_default stacking_default\"><div class=\"vc_col-sm-6 wpb_column vc_column_container\"><div class=\"vc_column-inner\"><div class=\"wpb_wrapper\">[vc_raw_html]PGRpdiBpZD0iWW91VHViZVZpZGVvUGxheWVyIj48L2Rpdj4NCjxzY3JpcHQgYXN5bmMgc3JjPSJodHRwczovL3d3dy55b3V0dWJlLmNvbS9pZnJhbWVfYXBpIj48L3NjcmlwdD4NCjxzY3JpcHQ+DQogZnVuY3Rpb24gb25Zb3VUdWJlSWZyYW1lQVBJUmVhZHkoKSB7DQogIHZhciBwbGF5ZXI7DQogIHBsYXllciA9IG5ldyBZVC5QbGF5ZXIoJ1lvdVR1YmVWaWRlb1BsYXllcicsIHsNCiAgICB2aWRlb0lkOiAnS0RxVUY3ZG9RMncnLCAvLyBZb3VUdWJlIFZpZGVvIElEDQogICAgd2lkdGg6IDU2MCwgICAgICAgICAgICAgICAvLyBQbGF5ZXIgd2lkdGggKGluIHB4KQ0KICAgIGhlaWdodDogMzE2LCAgICAgICAgICAgICAgLy8gUGxheWVyIGhlaWdodCAoaW4gcHgpDQogICAgcGxheWVyVmFyczogew0KICAgICAgYXV0b3BsYXk6IDEsICAgICAgICAvLyBBdXRvLXBsYXkgdGhlIHZpZGVvIG9uIGxvYWQNCiAgICAgIGNvbnRyb2xzOiAxLCAgICAgICAgLy8gU2hvdyBwYXVzZS9wbGF5IGJ1dHRvbnMgaW4gcGxheWVyDQogICAgICBzaG93aW5mbzogMCwgICAgICAgIC8vIEhpZGUgdGhlIHZpZGVvIHRpdGxlDQogICAgICByZWw6IDAsDQogICAgICBtb2Rlc3RicmFuZGluZzogMSwgIC8vIEhpZGUgdGhlIFlvdXR1YmUgTG9nbw0KICAgICAgbG9vcDogMSwgICAgICAgICAgICAvLyBSdW4gdGhlIHZpZGVvIGluIGEgbG9vcA0KICAgICAgZnM6IDEsICAgICAgICAgICAgICAvLyBIaWRlIHRoZSBmdWxsIHNjcmVlbiBidXR0b24NCiAgICAgIGNjX2xvYWRfcG9saWN5OiAwLCAvLyBIaWRlIGNsb3NlZCBjYXB0aW9ucw0KICAgICAgaXZfbG9hZF9wb2xpY3k6IDEsICAvLyBIaWRlIHRoZSBWaWRlbyBBbm5vdGF0aW9ucw0KICAgICAgYXV0b2hpZGU6IDEgICAgICAgICAvLyBIaWRlIHZpZGVvIGNvbnRyb2xzIHdoZW4gcGxheWluZw0KICAgIH0sDQogIH0pOw0KIH0NCg0KPC9zY3JpcHQ+[\/vc_raw_html]<\/div><\/div><\/div><div class=\"vc_col-sm-6 wpb_column vc_column_container has_text_color\"><div class=\"vc_column-inner us_custom_3e2f4bb1\"><div class=\"wpb_wrapper\"><div class=\"wpb_text_column\"><div class=\"wpb_wrapper\"><h4><strong>Sobre nosotros<\/strong><\/h4>\n<p>El deseo de tener m\u00e1s tiempo para las cosas verdaderamente <strong>importantes y bonitas<\/strong> <strong>de la vida<\/strong> es la raz\u00f3n por la que trajimos a la vida a Perfect Moment. A trav\u00e9s de nuestras innovadoras ofertas e ideas nos situamos por encima del resto y hacemos sus sue\u00f1os realidad.<\/p>\n<\/div><\/div><div class=\" ubtn-ctn-right \"><a class=\"ubtn-link ult-adjust-bottom-margin ubtn-right ubtn-normal \" href=\"\/sobre-nosotros\/?lang=es\" ><button type=\"button\" id=\"ubtn-8129\"  class=\"ubtn ult-adjust-bottom-margin ult-responsive ubtn-normal ubtn-no-hover-bg  none  ubtn-right   tooltip-69ea280f497b0\"  data-hover=\"\" data-border-color=\"\" data-bg=\"\" data-hover-bg=\"\" data-border-hover=\"\" data-shadow-hover=\"\" data-shadow-click=\"none\" data-shadow=\"\" data-shd-shadow=\"\"  data-ultimate-target='#ubtn-8129'  data-responsive-json-new='{\"font-size\":\"\",\"line-height\":\"\"}'  style=\"font-weight:normal;border-radius:3px;border-width:1px;border-color:;border-style:solid;color: #ce9e00;\"><span class=\"ubtn-hover\" style=\"background-color:\"><\/span><span class=\"ubtn-data ubtn-text \" >Mas informaci\u00f3n<\/span><\/button><\/a><\/div><\/div><\/div><\/div><\/div><\/div><\/div><\/div><\/div><\/div><\/section><!-- Row Backgrounds --><div class=\"upb_color\" data-bg-override=\"0\" data-bg-color=\"#ffffff\" data-fadeout=\"\" data-fadeout-percentage=\"30\" data-parallax-content=\"\" data-parallax-content-sense=\"30\" data-row-effect-mobile-disable=\"true\" data-img-parallax-mobile-disable=\"true\" data-rtl=\"false\"  data-custom-vc-row=\"\"  data-vc=\"8.7.2\"  data-is_old_vc=\"\"  data-theme-support=\"\"   data-overlay=\"false\" data-overlay-color=\"\" data-overlay-pattern=\"\" data-overlay-pattern-opacity=\"\" data-overlay-pattern-size=\"\"    data-seperator=\"true\"  data-seperator-type=\"xlarge_triangle_seperator\"  data-seperator-shape-size=\"40\"  data-seperator-svg-height=\"40\"  data-seperator-full-width=\"true\" data-seperator-position=\"bottom_seperator\"  data-seperator-background-color=\"#221e1b\"  data-icon=\"\"  ><\/div><section class=\"l-section wpb_row height_small\"><div class=\"l-section-h i-cf\"><div class=\"g-cols vc_row via_flex valign_top type_default stacking_default\"><div class=\"vc_col-sm-12 wpb_column vc_column_container\"><div class=\"vc_column-inner\"><div class=\"wpb_wrapper\"><div class=\"g-cols wpb_row us_custom_ab60d7b5 via_flex valign_top type_default stacking_default\"><div class=\"vc_col-sm-4 wpb_column vc_column_container\"><div class=\"vc_column-inner\"><div class=\"wpb_wrapper\"><div class=\"w-image align_none meta_modern\"><a href=\"\/encima-de-las-nubes\/?lang=es\" aria-label=\"Encima de las nubes\" class=\"w-image-h\"><img decoding=\"async\" width=\"600\" height=\"400\" src=\"https:\/\/perfectmoment.es\/wp-content\/uploads\/2017\/07\/jet-mallorca-es.jpg\" class=\"attachment-large size-large\" alt=\"\" loading=\"lazy\" srcset=\"https:\/\/perfectmoment.es\/wp-content\/uploads\/2017\/07\/jet-mallorca-es.jpg 600w, https:\/\/perfectmoment.es\/wp-content\/uploads\/2017\/07\/jet-mallorca-es-300x200.jpg 300w\" sizes=\"auto, (max-width: 600px) 100vw, 600px\" \/><div class=\"w-image-meta\"><div class=\"w-image-title\">Encima de las nubes<\/div><\/div><\/a><\/div><\/div><\/div><\/div><div class=\"vc_col-sm-4 wpb_column vc_column_container\"><div class=\"vc_column-inner\"><div class=\"wpb_wrapper\"><div class=\"w-image align_none meta_modern\"><a href=\"\/fascinacion-por-el-mar\/?lang=es\" aria-label=\"Fascinacion por el mar\" class=\"w-image-h\"><img decoding=\"async\" width=\"600\" height=\"400\" src=\"https:\/\/perfectmoment.es\/wp-content\/uploads\/2017\/07\/Boot-Charter-boot-mieten-mallorca-service-es.jpg\" class=\"attachment-large size-large\" alt=\"\" loading=\"lazy\" srcset=\"https:\/\/perfectmoment.es\/wp-content\/uploads\/2017\/07\/Boot-Charter-boot-mieten-mallorca-service-es.jpg 600w, https:\/\/perfectmoment.es\/wp-content\/uploads\/2017\/07\/Boot-Charter-boot-mieten-mallorca-service-es-300x200.jpg 300w\" sizes=\"auto, (max-width: 600px) 100vw, 600px\" \/><div class=\"w-image-meta\"><div class=\"w-image-title\">Fascinacion por el mar<\/div><\/div><\/a><\/div><\/div><\/div><\/div><div class=\"vc_col-sm-4 wpb_column vc_column_container\"><div class=\"vc_column-inner\"><div class=\"wpb_wrapper\"><div class=\"w-image align_none meta_modern\"><a href=\"\/viajes-por-carretera\/?lang=es\" aria-label=\"Viajes por carretera\" class=\"w-image-h\"><img decoding=\"async\" width=\"600\" height=\"400\" src=\"https:\/\/perfectmoment.es\/wp-content\/uploads\/2017\/07\/roadtrip-Mallorca-es.jpg\" class=\"attachment-large size-large\" alt=\"\" loading=\"lazy\" srcset=\"https:\/\/perfectmoment.es\/wp-content\/uploads\/2017\/07\/roadtrip-Mallorca-es.jpg 600w, https:\/\/perfectmoment.es\/wp-content\/uploads\/2017\/07\/roadtrip-Mallorca-es-300x200.jpg 300w\" sizes=\"auto, (max-width: 600px) 100vw, 600px\" \/><div class=\"w-image-meta\"><div class=\"w-image-title\">Viajes por carretera<\/div><\/div><\/a><\/div><\/div><\/div><\/div><\/div><div class=\"g-cols wpb_row us_custom_14e19a50 via_flex valign_top type_default stacking_default\"><div class=\"vc_col-sm-4 wpb_column vc_column_container\"><div class=\"vc_column-inner\"><div class=\"wpb_wrapper\"><div class=\"w-image align_none meta_modern\"><a href=\"\/momentos-saludables\/?lang=es\" aria-label=\"Momentos saludables\" class=\"w-image-h\"><img decoding=\"async\" width=\"690\" height=\"455\" src=\"https:\/\/perfectmoment.es\/wp-content\/uploads\/2017\/07\/wellness-concierge-service-es.jpg\" class=\"attachment-large size-large\" alt=\"\" loading=\"lazy\" srcset=\"https:\/\/perfectmoment.es\/wp-content\/uploads\/2017\/07\/wellness-concierge-service-es.jpg 690w, https:\/\/perfectmoment.es\/wp-content\/uploads\/2017\/07\/wellness-concierge-service-es-300x198.jpg 300w, https:\/\/perfectmoment.es\/wp-content\/uploads\/2017\/07\/wellness-concierge-service-es-600x396.jpg 600w\" sizes=\"auto, (max-width: 690px) 100vw, 690px\" \/><div class=\"w-image-meta\"><div class=\"w-image-title\">Momentos saludables<\/div><\/div><\/a><\/div><\/div><\/div><\/div><div class=\"vc_col-sm-4 wpb_column vc_column_container\"><div class=\"vc_column-inner\"><div class=\"wpb_wrapper\"><div class=\"w-image align_none meta_modern\"><a href=\"\/momentos-romanticos\/?lang=es\" aria-label=\"Momentos romanticos\" class=\"w-image-h\"><img decoding=\"async\" width=\"600\" height=\"400\" src=\"https:\/\/perfectmoment.es\/wp-content\/uploads\/2017\/07\/candle-light-dinner-mallorca-perfect-moment-es.jpg\" class=\"attachment-large size-large\" alt=\"\" loading=\"lazy\" srcset=\"https:\/\/perfectmoment.es\/wp-content\/uploads\/2017\/07\/candle-light-dinner-mallorca-perfect-moment-es.jpg 600w, https:\/\/perfectmoment.es\/wp-content\/uploads\/2017\/07\/candle-light-dinner-mallorca-perfect-moment-es-300x200.jpg 300w\" sizes=\"auto, (max-width: 600px) 100vw, 600px\" \/><div class=\"w-image-meta\"><div class=\"w-image-title\">Momentos romanticos<\/div><\/div><\/a><\/div><\/div><\/div><\/div><div class=\"vc_col-sm-4 wpb_column vc_column_container\"><div class=\"vc_column-inner\"><div class=\"wpb_wrapper\"><div class=\"w-image align_none meta_modern\"><a href=\"\/servicio-de-conserjeria\/?lang=es\" aria-label=\"Servicio conserjeria\" class=\"w-image-h\"><img decoding=\"async\" width=\"600\" height=\"400\" src=\"https:\/\/perfectmoment.es\/wp-content\/uploads\/2017\/07\/concierge-service-mallorca-perfect-moment-es.jpg\" class=\"attachment-large size-large\" alt=\"\" loading=\"lazy\" srcset=\"https:\/\/perfectmoment.es\/wp-content\/uploads\/2017\/07\/concierge-service-mallorca-perfect-moment-es.jpg 600w, https:\/\/perfectmoment.es\/wp-content\/uploads\/2017\/07\/concierge-service-mallorca-perfect-moment-es-300x200.jpg 300w\" sizes=\"auto, (max-width: 600px) 100vw, 600px\" \/><div class=\"w-image-meta\"><div class=\"w-image-title\">Servicio conserjeria<\/div><\/div><\/a><\/div><\/div><\/div><\/div><\/div><\/div><\/div><\/div><\/div><\/div><\/section><!-- Row Backgrounds --><div class=\"upb_color\" data-bg-override=\"0\" data-bg-color=\"#221e1b\" data-fadeout=\"\" data-fadeout-percentage=\"30\" data-parallax-content=\"\" data-parallax-content-sense=\"30\" data-row-effect-mobile-disable=\"true\" data-img-parallax-mobile-disable=\"true\" data-rtl=\"false\"  data-custom-vc-row=\"\"  data-vc=\"8.7.2\"  data-is_old_vc=\"\"  data-theme-support=\"\"   data-overlay=\"false\" data-overlay-color=\"\" data-overlay-pattern=\"\" data-overlay-pattern-opacity=\"\" data-overlay-pattern-size=\"\"    ><\/div>\n","protected":false},"excerpt":{"rendered":"[rev_slider_vc alias=\"home-slider-es\"]Concierge &amp; Lifestyle Management[vc_raw_html]PGRpdiBpZD0iWW91VHViZVZpZGVvUGxheWVyIj48L2Rpdj4NCjxzY3JpcHQgYXN5bmMgc3JjPSJodHRwczovL3d3dy55b3V0dWJlLmNvbS9pZnJhbWVfYXBpIj48L3NjcmlwdD4NCjxzY3JpcHQ+DQogZnVuY3Rpb24gb25Zb3VUdWJlSWZyYW1lQVBJUmVhZHkoKSB7DQogIHZhciBwbGF5ZXI7DQogIHBsYXllciA9IG5ldyBZVC5QbGF5ZXIoJ1lvdVR1YmVWaWRlb1BsYXllcicsIHsNCiAgICB2aWRlb0lkOiAnS0RxVUY3ZG9RMncnLCAvLyBZb3VUdWJlIFZpZGVvIElEDQogICAgd2lkdGg6IDU2MCwgICAgICAgICAgICAgICAvLyBQbGF5ZXIgd2lkdGggKGluIHB4KQ0KICAgIGhlaWdodDogMzE2LCAgICAgICAgICAgICAgLy8gUGxheWVyIGhlaWdodCAoaW4gcHgpDQogICAgcGxheWVyVmFyczogew0KICAgICAgYXV0b3BsYXk6IDEsICAgICAgICAvLyBBdXRvLXBsYXkgdGhlIHZpZGVvIG9uIGxvYWQNCiAgICAgIGNvbnRyb2xzOiAxLCAgICAgICAgLy8gU2hvdyBwYXVzZS9wbGF5IGJ1dHRvbnMgaW4gcGxheWVyDQogICAgICBzaG93aW5mbzogMCwgICAgICAgIC8vIEhpZGUgdGhlIHZpZGVvIHRpdGxlDQogICAgICByZWw6IDAsDQogICAgICBtb2Rlc3RicmFuZGluZzogMSwgIC8vIEhpZGUgdGhlIFlvdXR1YmUgTG9nbw0KICAgICAgbG9vcDogMSwgICAgICAgICAgICAvLyBSdW4gdGhlIHZpZGVvIGluIGEgbG9vcA0KICAgICAgZnM6IDEsICAgICAgICAgICAgICAvLyBIaWRlIHRoZSBmdWxsIHNjcmVlbiBidXR0b24NCiAgICAgIGNjX2xvYWRfcG9saWN5OiAwLCAvLyBIaWRlIGNsb3NlZCBjYXB0aW9ucw0KICAgICAgaXZfbG9hZF9wb2xpY3k6IDEsICAvLyBIaWRlIHRoZSBWaWRlbyBBbm5vdGF0aW9ucw0KICAgICAgYXV0b2hpZGU6IDEgICAgICAgICAvLyBIaWRlIHZpZGVvIGNvbnRyb2xzIHdoZW4gcGxheWluZw0KICAgIH0sDQogIH0pOw0KIH0NCg0KPC9zY3JpcHQ+[\/vc_raw_html]Sobre nosotros El deseo de tener m\u00e1s tiempo para las cosas verdaderamente importantes y bonitas de la vida es la raz\u00f3n por la que trajimos a la vida a Perfect Moment. A trav\u00e9s de nuestras innovadoras ofertas e ideas nos situamos por encima del resto y hacemos sus sue\u00f1os realidad. Mas...","protected":false},"author":1,"featured_media":8126,"parent":0,"menu_order":0,"comment_status":"closed","ping_status":"closed","template":"","meta":{"footnotes":""},"class_list":["post-7289","page","type-page","status-publish","has-post-thumbnail","hentry"],"_links":{"self":[{"href":"https:\/\/perfectmoment.es\/es\/wp-json\/wp\/v2\/pages\/7289","targetHints":{"allow":["GET"]}}],"collection":[{"href":"https:\/\/perfectmoment.es\/es\/wp-json\/wp\/v2\/pages"}],"about":[{"href":"https:\/\/perfectmoment.es\/es\/wp-json\/wp\/v2\/types\/page"}],"author":[{"embeddable":true,"href":"https:\/\/perfectmoment.es\/es\/wp-json\/wp\/v2\/users\/1"}],"replies":[{"embeddable":true,"href":"https:\/\/perfectmoment.es\/es\/wp-json\/wp\/v2\/comments?post=7289"}],"version-history":[{"count":14,"href":"https:\/\/perfectmoment.es\/es\/wp-json\/wp\/v2\/pages\/7289\/revisions"}],"predecessor-version":[{"id":8351,"href":"https:\/\/perfectmoment.es\/es\/wp-json\/wp\/v2\/pages\/7289\/revisions\/8351"}],"wp:featuredmedia":[{"embeddable":true,"href":"https:\/\/perfectmoment.es\/es\/wp-json\/wp\/v2\/media\/8126"}],"wp:attachment":[{"href":"https:\/\/perfectmoment.es\/es\/wp-json\/wp\/v2\/media?parent=7289"}],"curies":[{"name":"wp","href":"https:\/\/api.w.org\/{rel}","templated":true}]}}