{"id":7279,"date":"2017-05-21T13:32:58","date_gmt":"2017-05-21T11:32:58","guid":{"rendered":"https:\/\/www.perfectmoment.es\/faszination-meer\/"},"modified":"2021-03-08T01:12:24","modified_gmt":"2021-03-08T00:12:24","slug":"fascinacion-por-el-mar","status":"publish","type":"page","link":"https:\/\/perfectmoment.es\/es\/fascinacion-por-el-mar\/","title":{"rendered":"Fascinaci\u00f3n por el mar"},"content":{"rendered":"<section class=\"l-section wpb_row us_custom_e11ab399 height_small\"><div class=\"l-section-h i-cf\"><div class=\"g-cols vc_row via_flex valign_middle type_default stacking_default\"><div class=\"vc_col-sm-12 wpb_column vc_column_container\"><div class=\"vc_column-inner\"><div class=\"wpb_wrapper\"><h1 class=\"w-post-elm post_title us_custom_607cd7e8 entry-title color_link_inherit\">Fascinaci\u00f3n por el mar<\/h1><\/div><\/div><\/div><\/div><\/div><\/section><section class=\"l-section wpb_row height_small\"><div class=\"l-section-h i-cf\"><div class=\"g-cols vc_row via_flex valign_top type_default stacking_default\"><div class=\"vc_col-sm-12 wpb_column vc_column_container has_text_color\"><div class=\"vc_column-inner us_custom_2a7fc94f\"><div class=\"wpb_wrapper\"><div class=\"g-cols wpb_row via_flex valign_top type_default stacking_default\"><div class=\"vc_col-sm-6 wpb_column vc_column_container\"><div class=\"vc_column-inner\"><div class=\"wpb_wrapper\"><div class=\"wpb_text_column\"><div class=\"wpb_wrapper\"><p><strong>Dos tercios del planeta est\u00e1n cubiertos por el oc\u00e9ano.<\/strong><\/p>\n<p>La <strong>fascinaci\u00f3n<\/strong> que irradian los <strong>mares<\/strong> es ilimitada. El agua es el bloque b\u00e1sico de la vida. Estas, y otras muchas buenas razones que podemos encontrar, le convencer\u00e1n <strong>para disfrutar<\/strong> del ocio y las vacaciones en el agua.<\/p>\n<p>El Mediterr\u00e1neo, con sus doradas playas, aguas azuladas y actividades acu\u00e1ticas es uno de los mares m\u00e1s atractivos del mundo.<\/p>\n<p>Tanto si desea disfrutar del \u2018Poniente\u2019, el viento del oeste, famoso en el mundo de la vela, como si prefiere el c\u00e1lido \u2018Levante\u2019 del este, procedente de \u00c1frica, el m\u00e1s popular para cometa y surfistas, el Mediterr\u00e1neo ofrece ambas opciones.<\/p>\n<\/div><\/div><div class=\" ubtn-ctn-left \"><a class=\"ubtn-link ult-adjust-bottom-margin ubtn-left ubtn-block \" href=\"mailto:info@perfectmoment.es\" ><button type=\"button\" id=\"ubtn-3152\"  class=\"ubtn ult-adjust-bottom-margin ult-responsive ubtn-block ubtn-no-hover-bg  none  ubtn-left   tooltip-69e3238795fe1 ubtn-block\"  data-hover=\"\" data-border-color=\"\" data-bg=\"\" data-hover-bg=\"\" data-border-hover=\"\" data-shadow-hover=\"\" data-shadow-click=\"none\" data-shadow=\"\" data-shd-shadow=\"\"  data-ultimate-target='#ubtn-3152'  data-responsive-json-new='{\"font-size\":\"\",\"line-height\":\"\"}'  style=\"font-weight:normal;border-radius:3px;border-width:1px;border-color:;border-style:solid;color: #ce9e00;\"><span class=\"ubtn-hover\" style=\"background-color:\"><\/span><span class=\"ubtn-data ubtn-text \" >D\u00e9jese inspirar<\/span><\/button><\/a><\/div><\/div><\/div><\/div><div class=\"vc_col-sm-6 wpb_column vc_column_container\"><div class=\"vc_column-inner\"><div class=\"wpb_wrapper\"><div id=\"ult-carousel-377979725269e3238796112\" class=\"ult-carousel-wrapper   ult_horizontal\" data-gutter=\"15\" data-rtl=\"false\" ><div class=\"ult-carousel-307301720369e32387960f7 \" ><div class=\"ult-item-wrap\" data-animation=\"animated no-animation\"><div class=\"w-image align_none\"><div class=\"w-image-h\"><img decoding=\"async\" width=\"600\" height=\"400\" src=\"https:\/\/perfectmoment.es\/wp-content\/uploads\/2017\/05\/Boot-Charter-boot-mieten-mallorca-service.jpg\" class=\"attachment-large size-large\" alt=\"\" loading=\"lazy\" srcset=\"https:\/\/perfectmoment.es\/wp-content\/uploads\/2017\/05\/Boot-Charter-boot-mieten-mallorca-service.jpg 600w, https:\/\/perfectmoment.es\/wp-content\/uploads\/2017\/05\/Boot-Charter-boot-mieten-mallorca-service-300x200.jpg 300w\" sizes=\"auto, (max-width: 600px) 100vw, 600px\" \/><\/div><\/div><\/div><div class=\"ult-item-wrap\" data-animation=\"animated no-animation\"><div class=\"w-image align_none\"><div class=\"w-image-h\"><img decoding=\"async\" width=\"600\" height=\"400\" src=\"https:\/\/perfectmoment.es\/wp-content\/uploads\/2017\/05\/jetski-verleih-mieten-mallorca-Watersports.jpg\" class=\"attachment-large size-large\" alt=\"\" loading=\"lazy\" srcset=\"https:\/\/perfectmoment.es\/wp-content\/uploads\/2017\/05\/jetski-verleih-mieten-mallorca-Watersports.jpg 600w, https:\/\/perfectmoment.es\/wp-content\/uploads\/2017\/05\/jetski-verleih-mieten-mallorca-Watersports-300x200.jpg 300w\" sizes=\"auto, (max-width: 600px) 100vw, 600px\" \/><\/div><\/div><\/div><div class=\"ult-item-wrap\" data-animation=\"animated no-animation\"><div class=\"w-image align_none\"><div class=\"w-image-h\"><img decoding=\"async\" width=\"600\" height=\"400\" src=\"https:\/\/perfectmoment.es\/wp-content\/uploads\/2017\/05\/segeln-auf-mallorca-concierge.jpg\" class=\"attachment-large size-large\" alt=\"\" loading=\"lazy\" srcset=\"https:\/\/perfectmoment.es\/wp-content\/uploads\/2017\/05\/segeln-auf-mallorca-concierge.jpg 600w, https:\/\/perfectmoment.es\/wp-content\/uploads\/2017\/05\/segeln-auf-mallorca-concierge-300x200.jpg 300w\" sizes=\"auto, (max-width: 600px) 100vw, 600px\" \/><\/div><\/div><\/div><\/div><\/div>\t\t\t<script type=\"text\/javascript\">\n\t\t\t\tjQuery(document).ready(function ($) {\n\t\t\t\t\tif( typeof jQuery('.ult-carousel-307301720369e32387960f7').slick == \"function\"){\n\t\t\t\t\t\t$('.ult-carousel-307301720369e32387960f7').slick({dots: true,autoplay: true,autoplaySpeed: \"4000\",speed: \"300\",infinite: true,arrows: true,nextArrow: '<button type=\"button\" role=\"button\" aria-label=\"Next\" style=\"color:#333333; font-size:20px;\" class=\"slick-next default\"><i class=\"ultsl-arrow-right4\"><\/i><\/button>',prevArrow: '<button type=\"button\" role=\"button\" aria-label=\"Previous\" style=\"color:#333333; font-size:20px;\" class=\"slick-prev default\"><i class=\"ultsl-arrow-left4\"><\/i><\/button>',slidesToScroll:1,slidesToShow:1,swipe: true,draggable: true,touchMove: true,pauseOnHover: true,pauseOnFocus: false,responsive: [\n\t\t\t\t\t\t\t{\n\t\t\t\t\t\t\t  breakpoint: 1026,\n\t\t\t\t\t\t\t  settings: {\n\t\t\t\t\t\t\t\tslidesToShow: 1,\n\t\t\t\t\t\t\t\tslidesToScroll: 1,  \n\t\t\t\t\t\t\t  }\n\t\t\t\t\t\t\t},\n\t\t\t\t\t\t\t{\n\t\t\t\t\t\t\t  breakpoint: 1025,\n\t\t\t\t\t\t\t  settings: {\n\t\t\t\t\t\t\t\tslidesToShow: 1,\n\t\t\t\t\t\t\t\tslidesToScroll: 1\n\t\t\t\t\t\t\t  }\n\t\t\t\t\t\t\t},\n\t\t\t\t\t\t\t{\n\t\t\t\t\t\t\t  breakpoint: 760,\n\t\t\t\t\t\t\t  settings: {\n\t\t\t\t\t\t\t\tslidesToShow: 1,\n\t\t\t\t\t\t\t\tslidesToScroll: 1\n\t\t\t\t\t\t\t  }\n\t\t\t\t\t\t\t}\n\t\t\t\t\t\t],pauseOnDotsHover: true,customPaging: function(slider, i) {\n                   return '<i type=\"button\" style= \"color:#333333;\" class=\"ultsl-record\" data-role=\"none\"><\/i>';\n                },});\n\t\t\t\t\t}\n\t\t\t\t});\n\t\t\t<\/script>\n\t\t\t<\/div><\/div><\/div><\/div><div class=\"wpb_text_column\"><div class=\"wpb_wrapper\"><p>Mallorca es el destino de ensue\u00f1o para todos aquellos que desean practicar cualquier tipo de deporte acu\u00e1tico.<\/p>\n<p>Descubra con estilo todos los rincones de la isla en yate, incluso las peque\u00f1as bah\u00edas que normalmente son inaccesibles.<\/p>\n<p>Le encantar\u00e1 bucear en el fascinante mundo que tiene Mallorca bajo el agua.<\/p>\n<p>Diversos tipos de deportes como el flyboard, el jet ski, el speed boat o la canoa son actividades al aire libre emocionantes al alcance de su mano.<\/p>\n<p>Unas vacaciones activas y con mucha diversi\u00f3n en el mar.<\/p>\n<p>\u00a1D\u00e9jese inspirar!<\/p>\n<\/div><\/div><\/div><\/div><\/div><\/div><\/div><\/section><!-- Row Backgrounds --><div class=\"upb_color\" data-bg-override=\"0\" data-bg-color=\"#ffffff\" data-fadeout=\"\" data-fadeout-percentage=\"30\" data-parallax-content=\"\" data-parallax-content-sense=\"30\" data-row-effect-mobile-disable=\"true\" data-img-parallax-mobile-disable=\"true\" data-rtl=\"false\"  data-custom-vc-row=\"\"  data-vc=\"8.7.2\"  data-is_old_vc=\"\"  data-theme-support=\"\"   data-overlay=\"false\" data-overlay-color=\"\" data-overlay-pattern=\"\" data-overlay-pattern-opacity=\"\" data-overlay-pattern-size=\"\"    data-seperator=\"true\"  data-seperator-type=\"xlarge_circle_seperator\"  data-seperator-shape-size=\"40\"  data-seperator-svg-height=\"40\"  data-seperator-full-width=\"true\" data-seperator-position=\"top_seperator\"  data-seperator-background-color=\"#2f2925\"  data-icon=\"\"  ><\/div><section class=\"l-section wpb_row height_small\"><div class=\"l-section-h i-cf\"><div class=\"g-cols vc_row via_flex valign_top type_default stacking_default\"><div class=\"vc_col-sm-12 wpb_column vc_column_container\"><div class=\"vc_column-inner\"><div class=\"wpb_wrapper\"><div class=\"w-grid us_grid type_grid layout_7681 cols_2 pagination_ajax preload_style_spinner ratio_3x2\" id=\"us_grid_1\" style=\"--columns:2;--gap:4px;--item-ratio:0.66667;\" data-filterable=\"true\"><style>@media (max-width:600px){#us_grid_1{--columns:1!important}}.layout_7681 .w-grid-item-h{background:#b5884a;color:#ffffff}.layout_7681 .usg_post_image_1{transition-duration:0.35s;transform:scale(1) translate(0%,0%)}.layout_7681 .w-grid-item-h:focus-within .usg_post_image_1,.layout_7681 .w-grid-item-h:hover .usg_post_image_1{transform:scale(1.1) translate(0%,0%);opacity:0.1}.layout_7681 .usg_post_image_1{position:absolute!important;top:0!important;right:0!important;bottom:0!important;left:0!important}.layout_7681 .usg_vwrapper_1{position:absolute!important;right:0!important;bottom:0!important;left:0!important;background:linear-gradient(180deg,rgba(0,0,0,0),rgba(30,30,30,0.8))!important;padding:4rem 2rem 1.5rem 2rem!important}.layout_7681 .usg_post_title_1{font-family:var(--h1-font-family)!important;font-size:1.2rem!important;color:#ffffff!important}.layout_7681 .usg_post_content_1{font-size:0.9rem!important;color:#ffffff!important}<\/style><div class=\"w-grid-list\">\t<article class=\"w-grid-item size_1x1 post-7248 us_portfolio type-us_portfolio status-publish has-post-thumbnail hentry us_portfolio_category-faszination-meer-es\" data-id=\"7248\">\r\n\t\t<div class=\"w-grid-item-h\">\r\n\t\t\t\t\t\t\t<a href=\"https:\/\/perfectmoment.es\/es\/bootscharter\/\" class=\"w-grid-item-anchor\" aria-label=\"Alquiler de barcos\"><\/a>\r\n\t\t\t\t\t\t<div class=\"w-post-elm post_image usg_post_image_1 stretched\"><img loading=\"lazy\" decoding=\"async\" width=\"600\" height=\"400\" src=\"https:\/\/perfectmoment.es\/wp-content\/uploads\/2017\/05\/Bootscharter-skipper-boot-mieten-mallorca.jpg\" class=\"attachment-full size-full wp-post-image\" alt=\"\" srcset=\"https:\/\/perfectmoment.es\/wp-content\/uploads\/2017\/05\/Bootscharter-skipper-boot-mieten-mallorca.jpg 600w, https:\/\/perfectmoment.es\/wp-content\/uploads\/2017\/05\/Bootscharter-skipper-boot-mieten-mallorca-300x200.jpg 300w\" sizes=\"auto, (max-width: 600px) 100vw, 600px\" \/><\/div><div class=\"w-vwrapper usg_vwrapper_1 align_center valign_top\"><h2 class=\"w-post-elm post_title usg_post_title_1 has_text_color entry-title color_link_inherit\">Alquiler de barcos<\/h2><div class=\"w-post-elm post_content usg_post_content_1 has_text_color\"><p>Es el d\u00eda perfecto y est\u00e1 disfrutando del sol y del mar junto con su familia o sus amigos. Se encuentra cerca de la costa, en una solitaria bah\u00eda en la que no puede o\u00edr nada a excepci\u00f3n de las olas y la brisa. El pescado que acaba de pescar se encuentra cocinado sobre la mesa junto a un vino fresco.<\/p>\n<\/div><\/div>\t\t<\/div>\r\n\t\t\t<\/article>\r\n\t<article class=\"w-grid-item size_1x1 post-7477 us_portfolio type-us_portfolio status-publish has-post-thumbnail hentry us_portfolio_category-faszination-meer-es\" data-id=\"7477\">\r\n\t\t<div class=\"w-grid-item-h\">\r\n\t\t\t\t\t\t\t<a href=\"https:\/\/perfectmoment.es\/es\/deportes-acuaticos\/\" class=\"w-grid-item-anchor\" aria-label=\"Deportes acu\u00e1ticos\"><\/a>\r\n\t\t\t\t\t\t<div class=\"w-post-elm post_image usg_post_image_1 stretched\"><img loading=\"lazy\" decoding=\"async\" width=\"600\" height=\"400\" src=\"https:\/\/perfectmoment.es\/wp-content\/uploads\/2017\/05\/jetski-verleih-mieten-mallorca-Watersports.jpg\" class=\"attachment-full size-full wp-post-image\" alt=\"\" srcset=\"https:\/\/perfectmoment.es\/wp-content\/uploads\/2017\/05\/jetski-verleih-mieten-mallorca-Watersports.jpg 600w, https:\/\/perfectmoment.es\/wp-content\/uploads\/2017\/05\/jetski-verleih-mieten-mallorca-Watersports-300x200.jpg 300w\" sizes=\"auto, (max-width: 600px) 100vw, 600px\" \/><\/div><div class=\"w-vwrapper usg_vwrapper_1 align_center valign_top\"><h2 class=\"w-post-elm post_title usg_post_title_1 has_text_color entry-title color_link_inherit\">Deportes acu\u00e1ticos<\/h2><\/div>\t\t<\/div>\r\n\t\t\t<\/article>\r\n<\/div>\t<div class=\"w-grid-preloader\">\r\n\t\t<div class=\"g-preloader type_1\">\r\n\t\t\t<div><\/div>\r\n\t\t<\/div>\r\n\t<\/div>\r\n\t\t<div class=\"w-grid-json hidden\" onclick='return {&quot;action&quot;:&quot;us_ajax_grid&quot;,&quot;infinite_scroll&quot;:0,&quot;max_num_pages&quot;:1,&quot;pagination&quot;:&quot;ajax&quot;,&quot;template_vars&quot;:{&quot;columns&quot;:&quot;2&quot;,&quot;exclude_items&quot;:&quot;none&quot;,&quot;img_size&quot;:&quot;full&quot;,&quot;ignore_items_size&quot;:0,&quot;items_layout&quot;:&quot;7681&quot;,&quot;items_offset&quot;:&quot;1&quot;,&quot;load_animation&quot;:&quot;none&quot;,&quot;overriding_link&quot;:&quot;%7B%22type%22%3A%22post%22%7D&quot;,&quot;post_id&quot;:0,&quot;query_args&quot;:{&quot;post_type&quot;:[&quot;us_portfolio&quot;],&quot;tax_query&quot;:[{&quot;taxonomy&quot;:&quot;us_portfolio_category&quot;,&quot;field&quot;:&quot;slug&quot;,&quot;terms&quot;:[&quot;faszination-meer-es&quot;]}],&quot;post_status&quot;:[&quot;publish&quot;],&quot;posts_per_page&quot;:999},&quot;orderby_query_args&quot;:{&quot;orderby&quot;:{&quot;title&quot;:&quot;ASC&quot;},&quot;order&quot;:&quot;ASC&quot;},&quot;type&quot;:&quot;grid&quot;,&quot;us_grid_post_type&quot;:&quot;us_portfolio&quot;,&quot;us_grid_ajax_index&quot;:1,&quot;us_grid_filter_query_string&quot;:null,&quot;us_grid_index&quot;:1,&quot;page_args&quot;:[],&quot;lang&quot;:&quot;es&quot;}}'><\/div>\r\n\t<\/div><\/div><\/div><\/div><\/div><\/div><\/section>\n","protected":false},"excerpt":{"rendered":"Motos Acu\u00e1ticas \u00bfSab\u00eda que hay motos acu\u00e1ticas con la misma aceleraci\u00f3n que un coche deportivo? Ponga a prueba sus l\u00edmites y conquiste las olas con Perfect Moment. Explore playas ocultas y bah\u00edas secretas y disfrute de una experiencia inolvidable. \u00a1A navegar!Flyboard Disfrute de un excitante d\u00eda en el mar y atr\u00e9vase a elevarse con un...","protected":false},"author":1,"featured_media":7298,"parent":0,"menu_order":0,"comment_status":"closed","ping_status":"closed","template":"","meta":{"footnotes":""},"class_list":["post-7279","page","type-page","status-publish","has-post-thumbnail","hentry"],"_links":{"self":[{"href":"https:\/\/perfectmoment.es\/es\/wp-json\/wp\/v2\/pages\/7279","targetHints":{"allow":["GET"]}}],"collection":[{"href":"https:\/\/perfectmoment.es\/es\/wp-json\/wp\/v2\/pages"}],"about":[{"href":"https:\/\/perfectmoment.es\/es\/wp-json\/wp\/v2\/types\/page"}],"author":[{"embeddable":true,"href":"https:\/\/perfectmoment.es\/es\/wp-json\/wp\/v2\/users\/1"}],"replies":[{"embeddable":true,"href":"https:\/\/perfectmoment.es\/es\/wp-json\/wp\/v2\/comments?post=7279"}],"version-history":[{"count":12,"href":"https:\/\/perfectmoment.es\/es\/wp-json\/wp\/v2\/pages\/7279\/revisions"}],"predecessor-version":[{"id":8349,"href":"https:\/\/perfectmoment.es\/es\/wp-json\/wp\/v2\/pages\/7279\/revisions\/8349"}],"wp:featuredmedia":[{"embeddable":true,"href":"https:\/\/perfectmoment.es\/es\/wp-json\/wp\/v2\/media\/7298"}],"wp:attachment":[{"href":"https:\/\/perfectmoment.es\/es\/wp-json\/wp\/v2\/media?parent=7279"}],"curies":[{"name":"wp","href":"https:\/\/api.w.org\/{rel}","templated":true}]}}