{"id":7238,"date":"2017-07-19T15:57:31","date_gmt":"2017-07-19T13:57:31","guid":{"rendered":"https:\/\/www.perfectmoment.es\/sobre-nosotros\/"},"modified":"2021-03-08T01:12:25","modified_gmt":"2021-03-08T00:12:25","slug":"sobre-nosotros","status":"publish","type":"page","link":"https:\/\/perfectmoment.es\/es\/sobre-nosotros\/","title":{"rendered":"Sobre nosotros"},"content":{"rendered":"<section class=\"l-section wpb_row height_small\"><div class=\"l-section-h i-cf\"><div class=\"g-cols vc_row via_flex valign_top type_default stacking_default\"><div class=\"vc_col-sm-12 wpb_column vc_column_container has_text_color\"><div class=\"vc_column-inner us_custom_6df4bc3a\"><div class=\"wpb_wrapper\"><div class=\"w-separator us_custom_d312ebb2 has_text_color size_medium has_font_size with_line width_default thick_1 style_solid color_border align_center with_text with_content\"><div class=\"w-separator-h\"><p class=\"w-separator-text\"><span>Sobre nosotros<\/span><\/p><\/div><\/div><\/div><\/div><\/div><\/div><\/div><\/section><!-- Row Backgrounds --><div class=\"upb_color\" data-bg-override=\"0\" data-bg-color=\"#221e1b\" data-fadeout=\"\" data-fadeout-percentage=\"30\" data-parallax-content=\"\" data-parallax-content-sense=\"30\" data-row-effect-mobile-disable=\"true\" data-img-parallax-mobile-disable=\"true\" data-rtl=\"false\"  data-custom-vc-row=\"\"  data-vc=\"8.7.2\"  data-is_old_vc=\"\"  data-theme-support=\"\"   data-overlay=\"false\" data-overlay-color=\"\" data-overlay-pattern=\"\" data-overlay-pattern-opacity=\"\" data-overlay-pattern-size=\"\"    data-seperator=\"true\"  data-seperator-type=\"round_split_seperator\"  data-seperator-shape-size=\"40\"  data-seperator-svg-height=\"60\"  data-seperator-full-width=\"true\" data-seperator-position=\"bottom_seperator\"  data-seperator-background-color=\"#ffffff\"  data-icon=\"\"  ><\/div><section class=\"l-section wpb_row height_small\"><div class=\"l-section-h i-cf\"><div class=\"g-cols vc_row via_flex valign_top type_default stacking_default\"><div class=\"vc_col-sm-12 wpb_column vc_column_container has_text_color\"><div class=\"vc_column-inner us_custom_0b7a2b07\"><div class=\"wpb_wrapper\">[vc_custom_heading text=\u00bbPerfect Moment es su Compa\u00f1\u00eda de Servicios a tiempo completo establecida en Mallorca cuya \u00fanica misi\u00f3n es convertir lo imposible en posible para usted.\u00bb font_container=\u00bbtag:p|font_size:21|text_align:center|color:%230a0a0a\u00bb use_theme_fonts=\u00bbyes\u00bb css=\u00bb%7B%22default%22%3A%7B%22color%22%3A%22%230a0a0a%22%2C%22font-size%22%3A%2221%22%7D%7D\u00bb]<div class=\"g-cols wpb_row via_flex valign_top type_default stacking_default\"><div class=\"vc_col-sm-6 wpb_column vc_column_container\"><div class=\"vc_column-inner\"><div class=\"wpb_wrapper\"><div class=\"wpb_text_column\"><div class=\"wpb_wrapper\"><h3><strong>\u00bfQu\u00e9 es lo que nos diferencia del resto?<\/strong><\/h3>\n<ul>\n<li>Realizaci\u00f3n de sue\u00f1os y deseos exclusivos para cada individuo.<\/li>\n<li>Disponibles 24 horas al d\u00eda, los 7 d\u00edas de la semana<\/li>\n<li>Pluriling\u00fce<\/li>\n<li>\u00a1Creamos su Momento Perfecto!<\/li>\n<\/ul>\n<p>Con nuestro conocimiento del mercado in situ y la mejor visi\u00f3n general de servicios en Mallorca seremos el mejor compa\u00f1ero para sus actividades y aventuras.<\/p>\n<\/div><\/div><div class=\" ubtn-ctn-center \"><a class=\"ubtn-link ult-adjust-bottom-margin ubtn-center ubtn-block \" href=\"mailto:info@perfectmoment.es\" ><button type=\"button\" id=\"ubtn-2351\"  class=\"ubtn ult-adjust-bottom-margin ult-responsive ubtn-block ubtn-no-hover-bg  none  ubtn-center   tooltip-69e5a4a3da804 ubtn-block\"  data-hover=\"\" data-border-color=\"\" data-bg=\"\" data-hover-bg=\"\" data-border-hover=\"\" data-shadow-hover=\"\" data-shadow-click=\"none\" data-shadow=\"\" data-shd-shadow=\"\"  data-ultimate-target='#ubtn-2351'  data-responsive-json-new='{\"font-size\":\"\",\"line-height\":\"\"}'  style=\"font-weight:normal;border-radius:3px;border-width:1px;border-color:;border-style:solid;color: #c4962d;\"><span class=\"ubtn-hover\" style=\"background-color:\"><\/span><span class=\"ubtn-data ubtn-text \" >Concierge Service<\/span><\/button><\/a><\/div><\/div><\/div><\/div><div class=\"vc_col-sm-6 wpb_column vc_column_container\"><div class=\"vc_column-inner\"><div class=\"wpb_wrapper\"><div class=\"w-image align_none us_animate_afr\" style=\"animation-delay:0.4s\"><div class=\"w-image-h\"><img decoding=\"async\" width=\"600\" height=\"399\" src=\"https:\/\/perfectmoment.es\/wp-content\/uploads\/2013\/05\/concierge-service-mallorca-lifestyle-manangement-business-card-PM-600x399.jpg\" class=\"attachment-us_600_0 size-us_600_0\" alt=\"\" loading=\"lazy\" srcset=\"https:\/\/perfectmoment.es\/wp-content\/uploads\/2013\/05\/concierge-service-mallorca-lifestyle-manangement-business-card-PM-600x400.jpg 600w, https:\/\/perfectmoment.es\/wp-content\/uploads\/2013\/05\/concierge-service-mallorca-lifestyle-manangement-business-card-PM-300x200.jpg 300w, https:\/\/perfectmoment.es\/wp-content\/uploads\/2013\/05\/concierge-service-mallorca-lifestyle-manangement-business-card-PM-768x511.jpg 768w, https:\/\/perfectmoment.es\/wp-content\/uploads\/2013\/05\/concierge-service-mallorca-lifestyle-manangement-business-card-PM-1024x681.jpg 1024w, https:\/\/perfectmoment.es\/wp-content\/uploads\/2013\/05\/concierge-service-mallorca-lifestyle-manangement-business-card-PM.jpg 1200w\" sizes=\"auto, (max-width: 600px) 100vw, 600px\" \/><\/div><\/div><\/div><\/div><\/div><\/div><\/div><\/div><\/div><\/div><\/div><\/section><!-- Row Backgrounds --><div class=\"upb_color\" data-bg-override=\"0\" data-bg-color=\"#ffffff\" data-fadeout=\"\" data-fadeout-percentage=\"30\" data-parallax-content=\"\" data-parallax-content-sense=\"30\" data-row-effect-mobile-disable=\"true\" data-img-parallax-mobile-disable=\"true\" data-rtl=\"false\"  data-custom-vc-row=\"\"  data-vc=\"8.7.2\"  data-is_old_vc=\"\"  data-theme-support=\"\"   data-overlay=\"false\" data-overlay-color=\"\" data-overlay-pattern=\"\" data-overlay-pattern-opacity=\"\" data-overlay-pattern-size=\"\"    ><\/div><section class=\"l-section wpb_row height_large\"><div class=\"l-section-h i-cf\"><div class=\"g-cols vc_row via_flex valign_top type_default stacking_default\"><div class=\"vc_col-sm-12 wpb_column vc_column_container has_text_color\"><div class=\"vc_column-inner us_custom_0b7a2b07\"><div class=\"wpb_wrapper\"><\/div><\/div><\/div><\/div><\/div><\/section><!-- Row Backgrounds --><div class=\"upb_bg_img\" data-ultimate-bg=\"url(https:\/\/perfectmoment.es\/wp-content\/uploads\/2013\/05\/concierge-service-mallorca-palma-dienstleistung.jpg)\" data-image-id=\"id^6419|url^https:\/\/www.perfectmoment.es\/wp-content\/uploads\/2013\/05\/concierge-service-mallorca-palma-dienstleistung.jpg|caption^null|alt^null|title^concierge-service-mallorca-palma-dienstleistung|description^null\" data-ultimate-bg-style=\"vcpb-default\" data-bg-img-repeat=\"repeat\" data-bg-img-size=\"cover\" data-bg-img-position=\"\" data-parallx_sense=\"30\" data-bg-override=\"0\" data-bg_img_attach=\"fixed\" data-upb-overlay-color=\"\" data-upb-bg-animation=\"\" data-fadeout=\"\" data-bg-animation=\"left-animation\" data-bg-animation-type=\"h\" data-animation-repeat=\"repeat\" data-fadeout-percentage=\"30\" data-parallax-content=\"\" data-parallax-content-sense=\"30\" data-row-effect-mobile-disable=\"true\" data-img-parallax-mobile-disable=\"true\" data-rtl=\"false\"  data-custom-vc-row=\"\"  data-vc=\"8.7.2\"  data-is_old_vc=\"\"  data-theme-support=\"\"   data-overlay=\"false\" data-overlay-color=\"\" data-overlay-pattern=\"\" data-overlay-pattern-opacity=\"\" data-overlay-pattern-size=\"\"    data-seperator=\"true\"  data-seperator-type=\"xlarge_triangle_seperator\"  data-seperator-shape-size=\"40\"  data-seperator-svg-height=\"50\"  data-seperator-full-width=\"true\" data-seperator-position=\"bottom_seperator\"  data-seperator-background-color=\"#ffffff\"  data-icon=\"\"  ><\/div><section class=\"l-section wpb_row height_small\"><div class=\"l-section-h i-cf\"><div class=\"g-cols vc_row via_flex valign_top type_default stacking_default\"><div class=\"vc_col-sm-12 wpb_column vc_column_container has_text_color\"><div class=\"vc_column-inner us_custom_0b7a2b07\"><div class=\"wpb_wrapper\"><div class=\"g-cols wpb_row via_flex valign_top type_default stacking_default\"><div class=\"vc_col-sm-12 wpb_column vc_column_container\"><div class=\"vc_column-inner\"><div class=\"wpb_wrapper\"><div class=\"wpb_text_column\"><div class=\"wpb_wrapper\"><h3><strong>M\u00e1s tiempo para lo esencial<\/strong><\/h3>\n<p>El deseo de tener m\u00e1s tiempo para las cosas verdaderamente importantes y bonitas de la vida es la raz\u00f3n por la que trajimos a la vida a Perfect Moment. A trav\u00e9s de nuestras innovadoras ofertas e ideas nos situamos por encima del resto y hacemos sus sue\u00f1os realidad.<\/p>\n<p>Al contrario que en otros proveedores, nuestros servicios no est\u00e1n solo pensados para las carteras m\u00e1s llenas, sino para todo aquel que desee hacer sus sue\u00f1os realidad.<\/p>\n<h3><strong>Su asistente personal<\/strong><\/h3>\n<p>Imagine un asistente personal que trabaje individualmente con usted para cumplir sus sue\u00f1os. No se trata de otro \u2018click\u2019 como en otros proveedores de servicios internacionales en Internet.<\/p>\n<ul>\n<li>Personalizaci\u00f3n in situ<\/li>\n<li>Conocimientos locales<\/li>\n<li>Especialistas en la regi\u00f3n<\/li>\n<\/ul>\n<\/div><\/div><\/div><\/div><\/div><\/div><\/div><\/div><\/div><\/div><\/div><\/section><!-- Row Backgrounds --><div class=\"upb_color\" data-bg-override=\"0\" data-bg-color=\"#ffffff\" data-fadeout=\"\" data-fadeout-percentage=\"30\" data-parallax-content=\"\" data-parallax-content-sense=\"30\" data-row-effect-mobile-disable=\"true\" data-img-parallax-mobile-disable=\"true\" data-rtl=\"false\"  data-custom-vc-row=\"\"  data-vc=\"8.7.2\"  data-is_old_vc=\"\"  data-theme-support=\"\"   data-overlay=\"false\" data-overlay-color=\"\" data-overlay-pattern=\"\" data-overlay-pattern-opacity=\"\" data-overlay-pattern-size=\"\"    ><\/div><section class=\"l-section wpb_row height_small\"><div class=\"l-section-h i-cf\"><div class=\"g-cols vc_row via_flex valign_top type_default stacking_default\"><div class=\"vc_col-sm-12 wpb_column vc_column_container has_text_color\"><div class=\"vc_column-inner us_custom_6df4bc3a\"><div class=\"wpb_wrapper\"><div class=\"w-separator us_custom_6df4bc3a has_text_color size_medium with_line width_default thick_1 style_solid color_border align_center with_content\"><div class=\"w-separator-h\"><i class=\"fas fa-star\"><\/i><\/div><\/div><\/div><\/div><\/div><\/div><\/div><\/section><!-- Row Backgrounds --><div class=\"upb_color\" data-bg-override=\"0\" data-bg-color=\"#221e1b\" data-fadeout=\"\" data-fadeout-percentage=\"30\" data-parallax-content=\"\" data-parallax-content-sense=\"30\" data-row-effect-mobile-disable=\"true\" data-img-parallax-mobile-disable=\"true\" data-rtl=\"false\"  data-custom-vc-row=\"\"  data-vc=\"8.7.2\"  data-is_old_vc=\"\"  data-theme-support=\"\"   data-overlay=\"false\" data-overlay-color=\"\" data-overlay-pattern=\"\" data-overlay-pattern-opacity=\"\" data-overlay-pattern-size=\"\"    data-seperator=\"true\"  data-seperator-type=\"round_split_seperator\"  data-seperator-shape-size=\"40\"  data-seperator-svg-height=\"60\"  data-seperator-full-width=\"true\" data-seperator-position=\"bottom_seperator\"  data-seperator-background-color=\"#ffffff\"  data-icon=\"\"  ><\/div><section class=\"l-section wpb_row height_small\"><div class=\"l-section-h i-cf\"><div class=\"g-cols vc_row via_flex valign_top type_default stacking_default\"><div class=\"vc_col-sm-12 wpb_column vc_column_container has_text_color\"><div class=\"vc_column-inner us_custom_0b7a2b07\"><div class=\"wpb_wrapper\"><div class=\"g-cols wpb_row via_flex valign_top type_default stacking_default\"><div class=\"vc_col-sm-6 wpb_column vc_column_container\"><div class=\"vc_column-inner\"><div class=\"wpb_wrapper\"><div class=\"w-image align_none us_animate_afl\" style=\"animation-delay:0.4s\"><div class=\"w-image-h\"><img decoding=\"async\" width=\"600\" height=\"307\" src=\"https:\/\/perfectmoment.es\/wp-content\/uploads\/2013\/05\/Logo_Gold-Version2-mitStrichu-Spruch-FINAL-600x307.png\" class=\"attachment-us_600_0 size-us_600_0\" alt=\"\" loading=\"lazy\" srcset=\"https:\/\/perfectmoment.es\/wp-content\/uploads\/2013\/05\/Logo_Gold-Version2-mitStrichu-Spruch-FINAL-600x307.png 600w, https:\/\/perfectmoment.es\/wp-content\/uploads\/2013\/05\/Logo_Gold-Version2-mitStrichu-Spruch-FINAL-300x154.png 300w, https:\/\/perfectmoment.es\/wp-content\/uploads\/2013\/05\/Logo_Gold-Version2-mitStrichu-Spruch-FINAL-768x393.png 768w, https:\/\/perfectmoment.es\/wp-content\/uploads\/2013\/05\/Logo_Gold-Version2-mitStrichu-Spruch-FINAL-1024x524.png 1024w, https:\/\/perfectmoment.es\/wp-content\/uploads\/2013\/05\/Logo_Gold-Version2-mitStrichu-Spruch-FINAL-e1497112113412.png 1227w\" sizes=\"auto, (max-width: 600px) 100vw, 600px\" \/><\/div><\/div><div class=\" ubtn-ctn-center \"><a class=\"ubtn-link ult-adjust-bottom-margin ubtn-center ubtn-block \" href=\"mailto:info@perfectmoment.es\" ><button type=\"button\" id=\"ubtn-8067\"  class=\"ubtn ult-adjust-bottom-margin ult-responsive ubtn-block ubtn-no-hover-bg  none  ubtn-center   tooltip-69e5a4a3dbaaf ubtn-block\"  data-hover=\"\" data-border-color=\"\" data-bg=\"\" data-hover-bg=\"\" data-border-hover=\"\" data-shadow-hover=\"\" data-shadow-click=\"none\" data-shadow=\"\" data-shd-shadow=\"\"  data-ultimate-target='#ubtn-8067'  data-responsive-json-new='{\"font-size\":\"\",\"line-height\":\"\"}'  style=\"font-weight:normal;border-radius:3px;border-width:1px;border-color:;border-style:solid;color: #c4962d;\"><span class=\"ubtn-hover\" style=\"background-color:\"><\/span><span class=\"ubtn-data ubtn-text \" >Contacte con nosotros!<\/span><\/button><\/a><\/div><\/div><\/div><\/div><div class=\"vc_col-sm-6 wpb_column vc_column_container\"><div class=\"vc_column-inner\"><div class=\"wpb_wrapper\"><div class=\"wpb_text_column\"><div class=\"wpb_wrapper\"><h3><strong>Discretos y de confianza<\/strong><\/h3>\n<p>Todas las solicitudes y cuestiones personales requieren una especial discreci\u00f3n y fiabilidad.\u00a0 \u00a1Le asistimos personalmente en todo momento!<\/p>\n<p>Nuestro equipo est\u00e1 constantemente buscando nuevas oportunidades, y es muy experimentado en cuanto a controles de calidad y servicios.<\/p>\n<p>Poseemos una amplia red que hemos ido aumentando y comprobando en los \u00faltimos a\u00f1os, y nuestros experimentados empleados le ofrecen con sus conocimientos un servicio competente y de calidad las 24 horas del d\u00eda, los 7 d\u00edas de la semana y los 365 d\u00edas del a\u00f1o.<\/p>\n<p><strong>\u00a1Su satisfacci\u00f3n es nuestro \u00e9xito!<\/strong><\/p>\n<\/div><\/div><\/div><\/div><\/div><\/div><div class=\"g-cols wpb_row via_flex valign_top type_default stacking_default\"><div class=\"vc_col-sm-12 wpb_column vc_column_container\"><div class=\"vc_column-inner\"><div class=\"wpb_wrapper\"><div class=\"wpb_text_column\"><div class=\"wpb_wrapper\"><h3><strong>Cooperaci\u00f3n<\/strong><\/h3>\n<p>Para todo lo extraordinario hay un especialista y los mejores trabajan con nosotros. \u00bfQuiere ampliar nuestra red con sus servicios? \u00a1Cont\u00e1ctenos y pres\u00e9ntese! De esa forma quiz\u00e1s nos reunamos muy pronto para tomar un caf\u00e9 en nuestras oficinas. \u00a1Estamos deseando que pase!<\/p>\n<p><strong>&#8211; Su equipo Perfect Moment Mallorca &#8211;<\/strong><\/p>\n<\/div><\/div><\/div><\/div><\/div><\/div><\/div><\/div><\/div><\/div><\/div><\/section><!-- Row Backgrounds --><div class=\"upb_color\" data-bg-override=\"0\" data-bg-color=\"#ffffff\" data-fadeout=\"\" data-fadeout-percentage=\"30\" data-parallax-content=\"\" data-parallax-content-sense=\"30\" data-row-effect-mobile-disable=\"true\" data-img-parallax-mobile-disable=\"true\" data-rtl=\"false\"  data-custom-vc-row=\"\"  data-vc=\"8.7.2\"  data-is_old_vc=\"\"  data-theme-support=\"\"   data-overlay=\"false\" data-overlay-color=\"\" data-overlay-pattern=\"\" data-overlay-pattern-opacity=\"\" data-overlay-pattern-size=\"\"    ><\/div>\n","protected":false},"excerpt":{"rendered":"Sobre nosotros[vc_custom_heading text=\"Perfect Moment es su Compa\u00f1\u00eda de Servicios a tiempo completo establecida en Mallorca cuya \u00fanica misi\u00f3n es convertir lo imposible en posible para usted.\" font_container=\"tag:p|font_size:21|text_align:center|color:%230a0a0a\" use_theme_fonts=\"yes\" css=\"%7B%22default%22%3A%7B%22color%22%3A%22%230a0a0a%22%2C%22font-size%22%3A%2221%22%7D%7D\"]\u00bfQu\u00e9 es lo que nos diferencia del resto? Realizaci\u00f3n de sue\u00f1os y deseos exclusivos para cada individuo. Disponibles 24 horas al d\u00eda, los 7 d\u00edas de la...","protected":false},"author":1,"featured_media":8126,"parent":0,"menu_order":0,"comment_status":"closed","ping_status":"closed","template":"","meta":{"footnotes":""},"class_list":["post-7238","page","type-page","status-publish","has-post-thumbnail","hentry"],"_links":{"self":[{"href":"https:\/\/perfectmoment.es\/es\/wp-json\/wp\/v2\/pages\/7238","targetHints":{"allow":["GET"]}}],"collection":[{"href":"https:\/\/perfectmoment.es\/es\/wp-json\/wp\/v2\/pages"}],"about":[{"href":"https:\/\/perfectmoment.es\/es\/wp-json\/wp\/v2\/types\/page"}],"author":[{"embeddable":true,"href":"https:\/\/perfectmoment.es\/es\/wp-json\/wp\/v2\/users\/1"}],"replies":[{"embeddable":true,"href":"https:\/\/perfectmoment.es\/es\/wp-json\/wp\/v2\/comments?post=7238"}],"version-history":[{"count":10,"href":"https:\/\/perfectmoment.es\/es\/wp-json\/wp\/v2\/pages\/7238\/revisions"}],"predecessor-version":[{"id":8341,"href":"https:\/\/perfectmoment.es\/es\/wp-json\/wp\/v2\/pages\/7238\/revisions\/8341"}],"wp:featuredmedia":[{"embeddable":true,"href":"https:\/\/perfectmoment.es\/es\/wp-json\/wp\/v2\/media\/8126"}],"wp:attachment":[{"href":"https:\/\/perfectmoment.es\/es\/wp-json\/wp\/v2\/media?parent=7238"}],"curies":[{"name":"wp","href":"https:\/\/api.w.org\/{rel}","templated":true}]}}